{"id":9792,"date":"2026-02-04T22:56:40","date_gmt":"2026-02-04T21:56:40","guid":{"rendered":"https:\/\/cde.unife.it\/?page_id=9792"},"modified":"2026-02-04T23:07:47","modified_gmt":"2026-02-04T22:07:47","slug":"cookie-privacy-policy","status":"publish","type":"page","link":"https:\/\/cde.unife.it\/en\/cookie-privacy-policy\/","title":{"rendered":"Cookie &amp; privacy policy"},"content":{"rendered":"<div data-elementor-type=\"wp-page\" data-elementor-id=\"9792\" class=\"elementor elementor-9792\" data-elementor-post-type=\"page\">\n\t\t\t\t<div class=\"elementor-element elementor-element-2d91479 e-con-full e-flex e-con e-parent\" data-id=\"2d91479\" data-element_type=\"container\">\n\t\t\t\t<div class=\"elementor-element elementor-element-c7d1b98 elementor-widget elementor-widget-image\" data-id=\"c7d1b98\" data-element_type=\"widget\" data-widget_type=\"image.default\">\n\t\t\t\t\t\t\t\t\t\t\t\t\t\t\t<img fetchpriority=\"high\" decoding=\"async\" width=\"1599\" height=\"414\" src=\"https:\/\/cde.unife.it\/wp-content\/uploads\/2026\/01\/biblio.jpg\" class=\"attachment-full size-full wp-image-2930\" alt=\"\" srcset=\"https:\/\/cde.unife.it\/wp-content\/uploads\/2026\/01\/biblio.jpg 1599w, https:\/\/cde.unife.it\/wp-content\/uploads\/2026\/01\/biblio-300x78.jpg 300w, https:\/\/cde.unife.it\/wp-content\/uploads\/2026\/01\/biblio-1024x265.jpg 1024w, https:\/\/cde.unife.it\/wp-content\/uploads\/2026\/01\/biblio-768x199.jpg 768w, https:\/\/cde.unife.it\/wp-content\/uploads\/2026\/01\/biblio-1536x398.jpg 1536w\" sizes=\"(max-width: 1599px) 100vw, 1599px\" \/>\t\t\t\t\t\t\t\t\t\t\t\t\t\t\t<\/div>\n\t\t\t\t<\/div>\n\t\t<div class=\"elementor-element elementor-element-0b93ee4 e-con-full e-flex e-con e-parent\" data-id=\"0b93ee4\" data-element_type=\"container\" data-settings=\"{&quot;background_background&quot;:&quot;classic&quot;}\">\n\t\t\t\t<div class=\"elementor-element elementor-element-a48db51 elementor-widget elementor-widget-heading\" data-id=\"a48db51\" data-element_type=\"widget\" data-widget_type=\"heading.default\">\n\t\t\t\t\t<h1 class=\"elementor-heading-title elementor-size-default\">Coikie e privacy policy<\/h1>\t\t\t\t<\/div>\n\t\t\t\t<\/div>\n\t\t<div class=\"elementor-element elementor-element-884b320 e-con-full e-flex e-con e-parent\" data-id=\"884b320\" data-element_type=\"container\">\n\t\t\t\t<div class=\"elementor-element elementor-element-eef8820 elementor-widget elementor-widget-text-editor\" data-id=\"eef8820\" data-element_type=\"widget\" data-widget_type=\"text-editor.default\">\n\t\t\t\t\t\t\t\t\t<p>Il Regolamento UE 2016\/679, di seguito \u201cGDPR\u201d, stabilisce norme relative alla protezione delle persone fisiche con riguardo al trattamento dei dati personali, nonch\u00e9 norme relative alla libera circolazione dei dati.<\/p><p>In base all\u2019art. 13 del suddetto Regolamento, l\u2019Universit\u00e0 degli Studi di Ferrara, in qualit\u00e0 di Titolare del trattamento dei suoi dati personali, fornisce le seguenti informazioni.\u00a0<\/p>\t\t\t\t\t\t\t\t<\/div>\n\t\t\t\t<\/div>\n\t\t<div class=\"elementor-element elementor-element-c6c838d e-con-full e-flex e-con e-parent\" data-id=\"c6c838d\" data-element_type=\"container\" id=\"finalita\">\n\t\t\t\t<div class=\"elementor-element elementor-element-a7d40a5 elementor-widget elementor-widget-heading\" data-id=\"a7d40a5\" data-element_type=\"widget\" data-widget_type=\"heading.default\">\n\t\t\t\t\t<h2 class=\"elementor-heading-title elementor-size-default\">Perch\u00e9 questo avviso<\/h2>\t\t\t\t<\/div>\n\t\t\t\t<div class=\"elementor-element elementor-element-3b07a8a elementor-widget elementor-widget-text-editor\" data-id=\"3b07a8a\" data-element_type=\"widget\" data-widget_type=\"text-editor.default\">\n\t\t\t\t\t\t\t\t\t<p>Si tratta di un&#8217;informativa che \u00e8 resa, ai sensi dell&#8217;art. 13\u00a0 del Regolamento UE 2016\/679 (GDPR), a coloro che interagiscono in generale con il sistema Portale dell&#8217; Universit\u00e0 degli Studi di Ferrara a partire dall\u2019indirizzo: http:\/\/www.unife.it, corrispondente alla\u00a0<b>pagina iniziale del Portale ufficiale dell&#8217;Ateneo<\/b>\u00a0 (in seguito denominato anche Sistema Portale).<\/p><p><b>L&#8217;informativa<\/b>\u00a0\u00e8 resa\u00a0<b>per tutti i siti del &#8220;Sistema Portale di Ateneo&#8221;<\/b>\u00a0e non anche per altri siti web eventualmente consultati dall\u2019utente tramite link.<\/p><p>L&#8217;informativa si ispira anche alla Raccomandazione n. 2\/2001, che le autorit\u00e0 europee per la protezione dei dati personali, riunite nel Gruppo istituito dall\u2019art. 29 della direttiva n. 95\/46\/CE, hanno adottato il 17 maggio 2001 per individuare alcuni requisiti minimi per la raccolta di dati personali online e, in particolare, le modalit\u00e0, i tempi e la natura delle informazioni che i titolari del trattamento devono fornire agli utenti quando questi si collegano a pagine web, indipendentemente dagli scopi del collegamento.<\/p>\t\t\t\t\t\t\t\t<\/div>\n\t\t\t\t<\/div>\n\t\t<div class=\"elementor-element elementor-element-fee505c e-con-full e-flex e-con e-parent\" data-id=\"fee505c\" data-element_type=\"container\" id=\"storia\">\n\t\t\t\t<div class=\"elementor-element elementor-element-9c49646 elementor-widget elementor-widget-heading\" data-id=\"9c49646\" data-element_type=\"widget\" data-widget_type=\"heading.default\">\n\t\t\t\t\t<h2 class=\"elementor-heading-title elementor-size-default\">Il Titolare del trattamento e dati di contatto<\/h2>\t\t\t\t<\/div>\n\t\t\t\t<div class=\"elementor-element elementor-element-6868cc5 elementor-widget elementor-widget-text-editor\" data-id=\"6868cc5\" data-element_type=\"widget\" data-widget_type=\"text-editor.default\">\n\t\t\t\t\t\t\t\t\t<p>Il titolare del trattamento \u00e8 l\u2019Universit\u00e0 degli Studi di Ferrara.Via Ariosto n. 35 &#8211; 44121 Ferrara (FE)<\/p><p>E-mail: rettore@unife.it<\/p><p>PEC: ateneo@pec.unife.it\u00a0\u00a0<\/p><p>Tel.: 0532293242<\/p>\t\t\t\t\t\t\t\t<\/div>\n\t\t\t\t<\/div>\n\t\t<div class=\"elementor-element elementor-element-e55a387 e-con-full e-flex e-con e-parent\" data-id=\"e55a387\" data-element_type=\"container\" id=\"statuto\">\n\t\t\t\t<div class=\"elementor-element elementor-element-b6b51ae elementor-widget elementor-widget-heading\" data-id=\"b6b51ae\" data-element_type=\"widget\" data-widget_type=\"heading.default\">\n\t\t\t\t\t<h2 class=\"elementor-heading-title elementor-size-default\">Responsabile della protezione dei dati e dati di contatto<\/h2>\t\t\t\t<\/div>\n\t\t\t\t<div class=\"elementor-element elementor-element-f13b5a3 elementor-widget elementor-widget-text-editor\" data-id=\"f13b5a3\" data-element_type=\"widget\" data-widget_type=\"text-editor.default\">\n\t\t\t\t\t\t\t\t\t<p>Il responsabile della protezione dei dati \u00e8 Lepida S.p.A.<\/p><p>Via della Liberazione 15 \u2013 40128 Bologna (BO)<\/p><p>E-mail:\u00a0 dpo-team@lepida.it<\/p>\t\t\t\t\t\t\t\t<\/div>\n\t\t\t\t<\/div>\n\t\t<div class=\"elementor-element elementor-element-36fd55e e-con-full e-flex e-con e-parent\" data-id=\"36fd55e\" data-element_type=\"container\" id=\"persone\">\n\t\t\t\t<div class=\"elementor-element elementor-element-622dd4b elementor-widget elementor-widget-heading\" data-id=\"622dd4b\" data-element_type=\"widget\" data-widget_type=\"heading.default\">\n\t\t\t\t\t<h2 class=\"elementor-heading-title elementor-size-default\">Categorie di dati trattati<\/h2>\t\t\t\t<\/div>\n\t\t\t\t<div class=\"elementor-element elementor-element-f017b6e elementor-widget-mobile__width-initial elementor-widget elementor-widget-text-editor\" data-id=\"f017b6e\" data-element_type=\"widget\" data-widget_type=\"text-editor.default\">\n\t\t\t\t\t\t\t\t\t<p><br \/>L\u2019 Universit\u00e0 degli Studi di Ferrara, in qualit\u00e0 di titolare del trattamento, rende noto che a seguito dell\u2019inserimento di proprie informazioni su\u00a0 questo sito o tramite l\u2019autenticazione a servizi web dell\u2019Ateneo possono essere trattati dati relativi a persone identificate o identificabili. Si tratta per esempio di indirizzo IP e nomi di domini dei computer utilizzati dagli utenti\/visitatori che si collegano a unife.it. Questi dati personali vengono raccolti normalmente per indagini di carattere statistico, gestiti in forma anonima e utilizzati per facilitare la navigazione nel sito unife.it.<\/p><p>\u00a0<\/p><p>L\u2019 Universit\u00e0 degli Studi di Ferrara, in qualit\u00e0 di titolare del trattamento, rende noto che a seguito dell\u2019inserimento di proprie informazioni su\u00a0 questo sito o tramite l\u2019autenticazione a servizi web dell\u2019Ateneo possono essere trattati dati relativi a persone identificate o identificabili. Si tratta per esempio di indirizzo IP e nomi di domini dei computer utilizzati dagli utenti\/visitatori che si collegano a unife.it. Questi dati personali vengono raccolti normalmente per indagini di carattere statistico, gestiti in forma anonima e utilizzati per facilitare la navigazione nel sito unife.it.<\/p><h3><b>Cookie<\/b><\/h3><h4><b>Finalit\u00e0 di utilizzo dei cookie<\/b><\/h4><p>Il sito unife.it utilizza i cookie di monitoraggio, delle brevi stringhe di testo che vengono inviate dal server del sito al browser dell&#8217;utente\/visitatore del sito e vengono automaticamente salvati sul pc dell&#8217;utente\/visitatore. I cookie utilizzati consentono inoltre di migliorare il servizio reso agli utenti, rendendo pi\u00f9 efficace l\u2019uso dello stesso e\/o abilitano determinate funzionalit\u00e0.<\/p><p><b>Cookie utilizzati<\/b><\/p><p>I siti del Sistema Portale utilizzano un tipo di cookie:\u00a0<b>cookie di sessione<\/b>\u00a0per l\u2019autenticazione (servizi on line e aree riservate) e per il bilanciamento del carico.<\/p><p><b><i>Cookie di sessione<\/i><\/b><\/p><p>I siti del sistema Portale utilizzano:<\/p><p>&#8211; Cookie di sessione,\u00a0 indispensabili per gestire l\u2019autenticazione ai servizi on-line e alle aree riservate. L\u2019uso di tali cookie (che non vengono memorizzati in modo persistente sul computer dell\u2019utente e si eliminano con la chiusura del browser) \u00e8 strettamente limitato alla trasmissione di identificativi di sessione necessari per consentire l\u2019esplorazione sicura ed efficiente del sito.<\/p><p>&#8211; Cookie di sessione per il bilanciamento del carico, per ottimizzare le prestazioni del sito web riducendo i tempi di caricamento delle pagine.<\/p><p>La disabilitazione di questi cookie non consente l\u2019utilizzo di parte dei servizi on line.<\/p><p><strong><i>Cookie analitici\/di monitoraggio<\/i><\/strong><\/p><p>L&#8217; Ateneo utilizza cookie analitici\u00a0 per raccogliere informazioni, in forma aggregata, sul numero degli utenti e su come gli stessi visitano il Portale di Ateneo.<br \/>Il portale raccoglie dati statistici sulle visite mediante la piattaforma Web Analytics Italia.\u00a0Maggiori informazioni sono disponibili nella privacy policy di\u00a0<a href=\"https:\/\/webanalytics.italia.it\/privacy\">Web Analytics Italia<\/a><\/p><p>I cookies tecnici non sono utilizzati per attivit\u00e0 di profilazione dell\u2019Utente.<\/p><h4><b>Siti web e servizi di terze parti<\/b><\/h4><p>E&#8217; installato il cookie Facebook Pixel che consente di monitorare le conversioni che si verificano sul suo sito Web come risultato delle inserzioni che si sta eseguendo su Facebook. Ad esempio, nel caso in cui si desideri monitorare le adesioni ad una particolare campagna pubblicizzata su Facebook, il cookie comunica a Facebook ogni volta che un utente ha aderito ad una particolare campagna sul sito dell&#8217;Universit\u00e0 degli Studi di Ferrara. Facebook confronta l&#8217;evento di conversione con il gruppo di persone a cui \u00e8 stata mostrata l&#8217;inserzione o che hanno cliccato su di essa, al fine di fornire all&#8217;Universit\u00e0 degli Studi di Ferrara le informazioni che lo aiutano a capire il ritorno sull&#8217;investimento per la sua spesa pubblicitaria.<\/p><p>Ulteriori informazioni: Facebook Pixel privacy policy cookie\u00a0<a href=\"https:\/\/www.facebook.com\/policies\/cookies\/\">https:\/\/www.facebook.com\/policies\/cookies\/<\/a><\/p><p>I siti del Sistema Portale potrebbero contenere collegamenti ad altri siti web che dispongono di una propria informativa privacy. L\u2019Ateneo non risponde del trattamento dei dati svolto da tali siti.<\/p><h4><b>Come disabilitare i cookie (opt-out)<\/b><\/h4><p><i>Per disabilitare tutti i cookie<\/i><\/p><p>\u00c8 possibile negare il consenso all\u2019utilizzo dei cookie selezionando l&#8217;impostazione appropriata sul proprio browser: la navigazione non autenticata sui siti web del Sistema Portale sar\u00e0 comunque disponibile in tutte le sue funzionalit\u00e0.<\/p><p>Si forniscono di seguito i link che spiegano come disabilitare i cookie per i browser pi\u00f9 diffusi (per altri browser eventualmente utilizzati suggeriamo di cercare questa opzione nell\u2019help del software).<\/p><p><b>Internet Explorer<\/b>:\u00a0<a href=\"http:\/\/windows.microsoft.com\/it-IT\/internet-explorer\/delete-manage-cookies#ie=ie-10\">http:\/\/windows.microsoft.com\/it-IT\/internet-explorer\/delete-manage-cookies#ie=ie-10<\/a><\/p><p><b>Google Chrome<\/b>:\u00a0<a href=\"https:\/\/support.google.com\/chrome\/answer\/95647?hl=it\">https:\/\/support.google.com\/chrome\/answer\/95647?hl=it<\/a><\/p><p><b>Mozilla Firefox<\/b>:\u00a0<a href=\"http:\/\/support.mozilla.org\/it\/kb\/Gestione%20dei%20cookie?redirectlocale=en-US&amp;redirectslug=Cookies\">http:\/\/support.mozilla.org\/it\/kb\/Gestione%20dei%20cookie?redirectlocale=en-US&amp;redirectslug=Cookies<\/a><\/p><p><b>Opera<\/b>:\u00a0<a href=\"http:\/\/help.opera.com\/Windows\/10.00\/it\/cookies.html\">http:\/\/help.opera.com\/Windows\/10.00\/it\/cookies.html<\/a><\/p><p><b>Apple Safari<\/b>:\u00a0<a href=\"https:\/\/support.apple.com\/it-it\/guide\/safari\/sfri11471\/mac\" target=\"_blank\" rel=\"noopener\">https:\/\/support.apple.com\/it-it\/guide\/safari\/sfri11471\/mac<\/a><\/p><p><i>Per cancellare cookie gi\u00e0 memorizzati sul terminale<\/i><\/p><p>Anche se viene revocata l\u2019autorizzazione all\u2019utilizzo di cookie di terze parti, prima di tale revoca i cookie potrebbero essere stati memorizzati sul terminale dell\u2019utente. Per motivi tecnici non \u00e8 possibile cancellare tali cookie, tuttavia il browser dell\u2019utente consente la loro eliminazione tra le impostazioni sulla privacy. Le opzioni del browser contengono infatti l\u2019opzione \u201cCancella dati di navigazione\u201d che pu\u00f2 essere utilizzata per eliminare i cookies, dati di siti e plug-in.<\/p><h3><b>Dati di traffico telematico<\/b><\/h3><p>I sistemi informatici e le procedure software preposte al funzionamento dei siti del Sistema Portale acquisiscono, nel corso del loro normale esercizio, alcuni dati personali la cui trasmissione \u00e8 implicita nell&#8217;uso dei protocolli di comunicazione di Internet o \u00e8 utilizzata per migliorare la qualit\u00e0 del servizio offerto.<\/p><p>Si tratta di informazioni che non sono raccolte per essere associate a interessati identificati, ma che per loro stessa natura potrebbero, attraverso elaborazioni ed associazioni, permettere di identificare gli utenti.<\/p><p>In questa categoria di dati rientrano gli indirizzi IP o i nomi a dominio dei computer utilizzati dagli utenti che si connettono al sito, gli indirizzi in notazione URI (Uniform Resource Identifier) delle risorse richieste, l&#8217;orario della richiesta, il metodo utilizzato nel sottoporre la richiesta al server, la dimensione del file ottenuto in risposta, il codice numerico indicante lo stato della risposta data dal server (buon fine, errore, ecc.) ed altri parametri relativi al sistema operativo e all&#8217;ambiente informatico dell&#8217;utente. Il conferimento dei dati \u00e8 obbligatorio. Tali dati sono conservati per sei mesi, salvo diverse disposizioni previste dalla normativa vigente.<\/p><p>Questi dati vengono utilizzati al fine di ricavare informazioni statistiche anonime sull&#8217;uso del sito e per controllare il corretto funzionamento dei sistemi informatici. I dati potrebbero essere utilizzati altres\u00ec per l\u2019accertamento di responsabilit\u00e0 in caso di ipotetici reati informatici o nel caso in cui si verifichino dei danni in capo all\u2019Ateneo o in capo a terzi. Tali dati sono trattati nel rispetto di quanto indicato nel \u201cGDPR\u201d e possono essere comunicati all&#8217;Autorit\u00e0 Giudiziaria nei casi previsti dalla legge.<\/p><h3><b>Conferimento dei dati<\/b><\/h3><p>L&#8217;invio facoltativo, esplicito e volontario di posta elettronica, messaggi o qualsiasi tipo di comunicazioni indirizzati ai recapiti indicati su questo portale comporta la successiva acquisizione dell&#8217;indirizzo del mittente o di eventuali altri dati personali che saranno utilizzati per rispondere alle richieste.\u00a0<\/p><p>Specifiche informative di sintesi verranno progressivamente riportate o visualizzate nelle pagine dei siti predisposte per particolari servizi a richiesta.<\/p><h2><b>Base giuridica del trattamento<\/b><\/h2><p>I suoi dati personali sono trattati nell\u2019esecuzione dei compiti di interesse pubblico o comunque connessi all\u2019esercizio dei pubblici poteri di cui \u00e8 investita l\u2019Universit\u00e0.\u00a0<\/p><h2><b>Facoltativit\u00e0 del conferimento dei dati<\/b><\/h2><p>A parte quanto specificato per i cookie e i dati di navigazione, l&#8217;utente \u00e8 libero di fornire i dati personali riportati nei moduli o nei form presenti sui siti del Sistema Portale o comunque indicati in occasione di contatti con l&#8217;Ateneo per sollecitare l&#8217;invio di materiale informativo, di altre comunicazioni o per accedere a servizi specifici.<\/p><p>Il loro mancato conferimento pu\u00f2 comportare l&#8217;impossibilit\u00e0 di ottenere quanto richiesto.<\/p><h2><b>Modalit\u00e0 del trattamento<\/b><\/h2><p>I dati personali sono trattati esclusivamente per fini istituzionali, con strumenti automatizzati per il tempo strettamente necessario a conseguire gli scopi per cui sono stati raccolti e nel rispetto delle misure di sicurezza previste dall&#8217;Universit\u00e0, da parte di soggetti interni all&#8217;Universit\u00e0 stessa, autorizzati al trattamento, a cui sono impartite idonee istruzioni operative in ordine a misure e\u00a0 accorgimenti volti alla concreta tutela dei suoi dati personali.<\/p><h2><b>Destinatari o categorie di destinatari\u00a0 dei dati personali<\/b><\/h2><p>I dati raccolti non saranno oggetto di diffusione o comunicazione a terzi, se non nei casi previsti dalla informativa e\/o dalla legge e, comunque, con le modalit\u00e0 da questa consentite.<\/p><p>I dati potranno venire a conoscenza dei responsabili o incaricati del trattamento, nell\u2019ambito delle rispettive funzioni e in conformit\u00e0 alle istruzioni ricevute, soltanto per il conseguimento delle specifiche finalit\u00e0 indicate nella presente informativa.<\/p><h2><b>Trasferimento dei dati verso paesi terzi o organizzazioni internazionali<\/b><\/h2><p>I suoi dati non sono trasferiti ad un destinatario in un paese terzo o a un\u2019organizzazione internazionale<\/p><h2><b>Periodo di conservazione<\/b><\/h2><p>I suoi dati sono conservati per un periodo non superiore a quello necessario per il perseguimento delle finalit\u00e0 per cui sono trattati.<\/p><p>I dati saranno conservati in conformit\u00e0 alla normativa vigente sulla conservazione della documentazione amministrativa.<\/p><h2><b>Diritti dell\u2019interessato nei confronti del titolare e del Garante per la protezione dei dati personali<\/b><\/h2><p>Nella sua qualit\u00e0 di interessato, pu\u00f2 esercitare nei confronti dell\u2019Universit\u00e0, utilizzando i dati di contatto del titolare del trattamento, i seguenti diritti:<\/p><ol><li>diritto di accesso ai suoi dati;<\/li><li>diritto di rettifica o integrazione dei dati incompleti;<\/li><li>diritto di cancellazione dei suoi dati;<\/li><li>diritto di limitazione del trattamento nelle ipotesi di cui all\u2019art.18 del GDPR;<\/li><li>diritto di opporsi al trattamento dei suoi dati.<\/li><\/ol><p>Nella sua qualit\u00e0 di interessato ha altres\u00ec il diritto di proporre reclamo al Garante per la protezione dei dati personali (art. 77 del GDPR), o di adire le opportune sedi giudiziarie (art. 79 del GDPR).<\/p><h2><b>Diritto di revoca del consenso<\/b><\/h2><p>Nella sua qualit\u00e0 di interessato ha il diritto di revocare in qualsiasi momento il consenso prestato, senza pregiudicare la liceit\u00e0 del trattamento basata sul consenso prima della revoca.<\/p><p>La presente Privacy Policy sar\u00e0 soggetta ad aggiornamenti.<\/p>\t\t\t\t\t\t\t\t<\/div>\n\t\t\t\t<\/div>\n\t\t\t\t<\/div>","protected":false},"excerpt":{"rendered":"<p>Coikie e privacy policy Il Regolamento UE 2016\/679, di seguito \u201cGDPR\u201d, stabilisce norme relative alla protezione delle persone fisiche con riguardo al trattamento dei dati personali, nonch\u00e9 norme relative alla libera circolazione dei dati. In base all\u2019art. 13 del suddetto Regolamento, l\u2019Universit\u00e0 degli Studi di Ferrara, in qualit\u00e0 di Titolare del trattamento dei suoi dati [&hellip;]<\/p>","protected":false},"author":1,"featured_media":0,"parent":0,"menu_order":0,"comment_status":"closed","ping_status":"closed","template":"","meta":{"_acf_changed":false,"footnotes":""},"class_list":["post-9792","page","type-page","status-publish","hentry"],"acf":[],"_links":{"self":[{"href":"https:\/\/cde.unife.it\/en\/wp-json\/wp\/v2\/pages\/9792","targetHints":{"allow":["GET"]}}],"collection":[{"href":"https:\/\/cde.unife.it\/en\/wp-json\/wp\/v2\/pages"}],"about":[{"href":"https:\/\/cde.unife.it\/en\/wp-json\/wp\/v2\/types\/page"}],"author":[{"embeddable":true,"href":"https:\/\/cde.unife.it\/en\/wp-json\/wp\/v2\/users\/1"}],"replies":[{"embeddable":true,"href":"https:\/\/cde.unife.it\/en\/wp-json\/wp\/v2\/comments?post=9792"}],"version-history":[{"count":4,"href":"https:\/\/cde.unife.it\/en\/wp-json\/wp\/v2\/pages\/9792\/revisions"}],"predecessor-version":[{"id":9797,"href":"https:\/\/cde.unife.it\/en\/wp-json\/wp\/v2\/pages\/9792\/revisions\/9797"}],"wp:attachment":[{"href":"https:\/\/cde.unife.it\/en\/wp-json\/wp\/v2\/media?parent=9792"}],"curies":[{"name":"wp","href":"https:\/\/api.w.org\/{rel}","templated":true}]}}