{"id":3265,"date":"2026-01-26T18:05:25","date_gmt":"2026-01-26T17:05:25","guid":{"rendered":"https:\/\/cde.unife.it\/?page_id=3265"},"modified":"2026-02-15T18:44:41","modified_gmt":"2026-02-15T17:44:41","slug":"attivita","status":"publish","type":"page","link":"https:\/\/cde.unife.it\/en\/attivita\/","title":{"rendered":"Activities"},"content":{"rendered":"<div data-elementor-type=\"wp-page\" data-elementor-id=\"3265\" class=\"elementor elementor-3265\" data-elementor-post-type=\"page\">\n\t\t\t\t<div class=\"elementor-element elementor-element-2d91479 e-con-full e-flex e-con e-parent\" data-id=\"2d91479\" data-element_type=\"container\">\n\t\t\t\t<div class=\"elementor-element elementor-element-c7d1b98 elementor-widget elementor-widget-image\" data-id=\"c7d1b98\" data-element_type=\"widget\" data-widget_type=\"image.default\">\n\t\t\t\t\t\t\t\t\t\t\t\t\t\t\t<img fetchpriority=\"high\" decoding=\"async\" width=\"1599\" height=\"414\" src=\"https:\/\/cde.unife.it\/wp-content\/uploads\/2026\/01\/biblio.jpg\" class=\"attachment-full size-full wp-image-2930\" alt=\"\" srcset=\"https:\/\/cde.unife.it\/wp-content\/uploads\/2026\/01\/biblio.jpg 1599w, https:\/\/cde.unife.it\/wp-content\/uploads\/2026\/01\/biblio-300x78.jpg 300w, https:\/\/cde.unife.it\/wp-content\/uploads\/2026\/01\/biblio-1024x265.jpg 1024w, https:\/\/cde.unife.it\/wp-content\/uploads\/2026\/01\/biblio-768x199.jpg 768w, https:\/\/cde.unife.it\/wp-content\/uploads\/2026\/01\/biblio-1536x398.jpg 1536w\" sizes=\"(max-width: 1599px) 100vw, 1599px\" \/>\t\t\t\t\t\t\t\t\t\t\t\t\t\t\t<\/div>\n\t\t\t\t<\/div>\n\t\t<div class=\"elementor-element elementor-element-0b93ee4 e-flex e-con-boxed e-con e-parent\" data-id=\"0b93ee4\" data-element_type=\"container\" data-settings=\"{&quot;background_background&quot;:&quot;classic&quot;}\">\n\t\t\t\t\t<div class=\"e-con-inner\">\n\t\t\t\t<div class=\"elementor-element elementor-element-a48db51 elementor-widget elementor-widget-heading\" data-id=\"a48db51\" data-element_type=\"widget\" data-widget_type=\"heading.default\">\n\t\t\t\t\t<h1 class=\"elementor-heading-title elementor-size-default\">Archive<\/h1>\t\t\t\t<\/div>\n\t\t\t\t\t<\/div>\n\t\t\t\t<\/div>\n\t\t<div class=\"elementor-element elementor-element-6f8ed12 e-con-full e-flex e-con e-parent\" data-id=\"6f8ed12\" data-element_type=\"container\">\n\t\t\t\t<div class=\"elementor-element elementor-element-b1d0172 elementor-widget elementor-widget-spacer\" data-id=\"b1d0172\" data-element_type=\"widget\" data-widget_type=\"spacer.default\">\n\t\t\t\t\t\t\t<div class=\"elementor-spacer\">\n\t\t\t<div class=\"elementor-spacer-inner\"><\/div>\n\t\t<\/div>\n\t\t\t\t\t\t<\/div>\n\t\t\t\t<div class=\"elementor-element elementor-element-269426f elementor-widget-tablet__width-initial elementor-widget elementor-widget-text-editor\" data-id=\"269426f\" data-element_type=\"widget\" data-widget_type=\"text-editor.default\">\n\t\t\t\t\t\t\t\t\t<p>Download all the reviews from recent years of the CDE:<\/p>\t\t\t\t\t\t\t\t<\/div>\n\t\t<div class=\"elementor-element elementor-element-027e0fb e-con-full e-flex e-con e-child\" data-id=\"027e0fb\" data-element_type=\"container\">\n\t\t\t\t<div class=\"elementor-element elementor-element-1b0f1ca elementor-widget elementor-widget-button\" data-id=\"1b0f1ca\" data-element_type=\"widget\" data-widget_type=\"button.default\">\n\t\t\t\t\t\t\t\t\t\t<a class=\"elementor-button elementor-button-link elementor-size-sm\" href=\"https:\/\/cde.unife.it\/wp-content\/uploads\/2026\/01\/screencapture-unife-it-centri-cde-it-ricerca-e-altre-attivita-attivita-2023-2026-01-27-08_16_17_compressed-1-1.pdf\">\n\t\t\t\t\t\t<span class=\"elementor-button-content-wrapper\">\n\t\t\t\t\t\t\t\t\t<span class=\"elementor-button-text\">Activities 2023<\/span>\n\t\t\t\t\t<\/span>\n\t\t\t\t\t<\/a>\n\t\t\t\t\t\t\t\t<\/div>\n\t\t\t\t<div class=\"elementor-element elementor-element-f36cbad elementor-widget elementor-widget-button\" data-id=\"f36cbad\" data-element_type=\"widget\" data-widget_type=\"button.default\">\n\t\t\t\t\t\t\t\t\t\t<a class=\"elementor-button elementor-button-link elementor-size-sm\" href=\"https:\/\/cde.unife.it\/wp-content\/uploads\/2026\/01\/screencapture-unife-it-centri-cde-it-ricerca-e-altre-attivita-attivita-2022-2026-01-27-08_21_28_compressed.pdf\">\n\t\t\t\t\t\t<span class=\"elementor-button-content-wrapper\">\n\t\t\t\t\t\t\t\t\t<span class=\"elementor-button-text\">Activities 2022<\/span>\n\t\t\t\t\t<\/span>\n\t\t\t\t\t<\/a>\n\t\t\t\t\t\t\t\t<\/div>\n\t\t\t\t<div class=\"elementor-element elementor-element-1252066 elementor-widget elementor-widget-button\" data-id=\"1252066\" data-element_type=\"widget\" data-widget_type=\"button.default\">\n\t\t\t\t\t\t\t\t\t\t<a class=\"elementor-button elementor-button-link elementor-size-sm\" href=\"https:\/\/cde.unife.it\/wp-content\/uploads\/2026\/01\/screencapture-unife-it-centri-cde-it-ricerca-e-altre-attivita-attivita-cde-2021-1-2026-01-27-08_23_10_compressed.pdf\">\n\t\t\t\t\t\t<span class=\"elementor-button-content-wrapper\">\n\t\t\t\t\t\t\t\t\t<span class=\"elementor-button-text\">Activities 2021<\/span>\n\t\t\t\t\t<\/span>\n\t\t\t\t\t<\/a>\n\t\t\t\t\t\t\t\t<\/div>\n\t\t\t\t<div class=\"elementor-element elementor-element-7b5457e elementor-align-center elementor-widget elementor-widget-button\" data-id=\"7b5457e\" data-element_type=\"widget\" data-widget_type=\"button.default\">\n\t\t\t\t\t\t\t\t\t\t<a class=\"elementor-button elementor-button-link elementor-size-sm\" href=\"https:\/\/cde.unife.it\/wp-content\/uploads\/2026\/01\/screencapture-unife-it-centri-cde-it-ricerca-e-altre-attivita-attivita-2020-2026-01-27-08_27_36_compressed.pdf\">\n\t\t\t\t\t\t<span class=\"elementor-button-content-wrapper\">\n\t\t\t\t\t\t\t\t\t<span class=\"elementor-button-text\">Activities 2019<\/span>\n\t\t\t\t\t<\/span>\n\t\t\t\t\t<\/a>\n\t\t\t\t\t\t\t\t<\/div>\n\t\t\t\t<\/div>\n\t\t\t\t<div class=\"elementor-element elementor-element-e50c953 elementor-widget elementor-widget-spacer\" data-id=\"e50c953\" data-element_type=\"widget\" data-widget_type=\"spacer.default\">\n\t\t\t\t\t\t\t<div class=\"elementor-spacer\">\n\t\t\t<div class=\"elementor-spacer-inner\"><\/div>\n\t\t<\/div>\n\t\t\t\t\t\t<\/div>\n\t\t<div class=\"elementor-element elementor-element-24cfc8a e-con-full e-flex e-con e-child\" data-id=\"24cfc8a\" data-element_type=\"container\">\n\t\t\t\t<div class=\"elementor-element elementor-element-ad71055 elementor-widget elementor-widget-button\" data-id=\"ad71055\" data-element_type=\"widget\" data-widget_type=\"button.default\">\n\t\t\t\t\t\t\t\t\t\t<a class=\"elementor-button elementor-button-link elementor-size-sm\" href=\"https:\/\/cde.unife.it\/wp-content\/uploads\/2026\/01\/screencapture-unife-it-centri-cde-it-ricerca-e-altre-attivita-attivita-2019-2026-01-27-08_29_21_compressed.pdf\">\n\t\t\t\t\t\t<span class=\"elementor-button-content-wrapper\">\n\t\t\t\t\t\t\t\t\t<span class=\"elementor-button-text\">Activities 2019<\/span>\n\t\t\t\t\t<\/span>\n\t\t\t\t\t<\/a>\n\t\t\t\t\t\t\t\t<\/div>\n\t\t\t\t<div class=\"elementor-element elementor-element-371e876 elementor-widget elementor-widget-button\" data-id=\"371e876\" data-element_type=\"widget\" data-widget_type=\"button.default\">\n\t\t\t\t\t\t\t\t\t\t<a class=\"elementor-button elementor-button-link elementor-size-sm\" href=\"https:\/\/cde.unife.it\/wp-content\/uploads\/2026\/01\/screencapture-unife-it-centri-cde-it-ricerca-e-altre-attivita-attivita-2018-2026-01-27-08_31_25_compressed.pdf\">\n\t\t\t\t\t\t<span class=\"elementor-button-content-wrapper\">\n\t\t\t\t\t\t\t\t\t<span class=\"elementor-button-text\">Activities 2018<\/span>\n\t\t\t\t\t<\/span>\n\t\t\t\t\t<\/a>\n\t\t\t\t\t\t\t\t<\/div>\n\t\t\t\t<div class=\"elementor-element elementor-element-9554918 elementor-widget elementor-widget-button\" data-id=\"9554918\" data-element_type=\"widget\" data-widget_type=\"button.default\">\n\t\t\t\t\t\t\t\t\t\t<a class=\"elementor-button elementor-button-link elementor-size-sm\" href=\"https:\/\/cde.unife.it\/wp-content\/uploads\/2026\/01\/screencapture-unife-it-centri-cde-it-ricerca-e-altre-attivita-attivita-2017-2026-01-27-08_32_50_compressed.pdf\">\n\t\t\t\t\t\t<span class=\"elementor-button-content-wrapper\">\n\t\t\t\t\t\t\t\t\t<span class=\"elementor-button-text\">Activities 2017<\/span>\n\t\t\t\t\t<\/span>\n\t\t\t\t\t<\/a>\n\t\t\t\t\t\t\t\t<\/div>\n\t\t\t\t<div class=\"elementor-element elementor-element-906d934 elementor-align-center elementor-widget elementor-widget-button\" data-id=\"906d934\" data-element_type=\"widget\" data-widget_type=\"button.default\">\n\t\t\t\t\t\t\t\t\t\t<a class=\"elementor-button elementor-button-link elementor-size-sm\" href=\"https:\/\/cde.unife.it\/wp-content\/uploads\/2026\/01\/screencapture-unife-it-centri-cde-it-ricerca-e-altre-attivita-attivita-2016-2026-01-27-08_34_47_compressed.pdf\">\n\t\t\t\t\t\t<span class=\"elementor-button-content-wrapper\">\n\t\t\t\t\t\t\t\t\t<span class=\"elementor-button-text\">Activities 2016<\/span>\n\t\t\t\t\t<\/span>\n\t\t\t\t\t<\/a>\n\t\t\t\t\t\t\t\t<\/div>\n\t\t\t\t<\/div>\n\t\t\t\t<div class=\"elementor-element elementor-element-f0f55b2 elementor-widget elementor-widget-spacer\" data-id=\"f0f55b2\" data-element_type=\"widget\" data-widget_type=\"spacer.default\">\n\t\t\t\t\t\t\t<div class=\"elementor-spacer\">\n\t\t\t<div class=\"elementor-spacer-inner\"><\/div>\n\t\t<\/div>\n\t\t\t\t\t\t<\/div>\n\t\t<div class=\"elementor-element elementor-element-4583329 e-con-full e-flex e-con e-child\" data-id=\"4583329\" data-element_type=\"container\">\n\t\t\t\t<div class=\"elementor-element elementor-element-b2ed160 elementor-widget elementor-widget-button\" data-id=\"b2ed160\" data-element_type=\"widget\" data-widget_type=\"button.default\">\n\t\t\t\t\t\t\t\t\t\t<a class=\"elementor-button elementor-button-link elementor-size-sm\" href=\"https:\/\/cde.unife.it\/wp-content\/uploads\/2026\/01\/screencapture-unife-it-centri-cde-it-ricerca-e-altre-attivita-attivita-2015-2026-01-27-08_36_39_compressed.pdf\">\n\t\t\t\t\t\t<span class=\"elementor-button-content-wrapper\">\n\t\t\t\t\t\t\t\t\t<span class=\"elementor-button-text\">Activities 2015<\/span>\n\t\t\t\t\t<\/span>\n\t\t\t\t\t<\/a>\n\t\t\t\t\t\t\t\t<\/div>\n\t\t\t\t<div class=\"elementor-element elementor-element-56f79c1 elementor-widget elementor-widget-button\" data-id=\"56f79c1\" data-element_type=\"widget\" data-widget_type=\"button.default\">\n\t\t\t\t\t\t\t\t\t\t<a class=\"elementor-button elementor-button-link elementor-size-sm\" href=\"https:\/\/cde.unife.it\/wp-content\/uploads\/2026\/01\/screencapture-unife-it-centri-cde-it-ricerca-e-altre-attivita-attivita-del-cde-nel-2014-2026-01-27-08_38_07_compressed.pdf\">\n\t\t\t\t\t\t<span class=\"elementor-button-content-wrapper\">\n\t\t\t\t\t\t\t\t\t<span class=\"elementor-button-text\">Activities 2014<\/span>\n\t\t\t\t\t<\/span>\n\t\t\t\t\t<\/a>\n\t\t\t\t\t\t\t\t<\/div>\n\t\t\t\t<div class=\"elementor-element elementor-element-5467031 elementor-widget elementor-widget-button\" data-id=\"5467031\" data-element_type=\"widget\" data-widget_type=\"button.default\">\n\t\t\t\t\t\t\t\t\t\t<a class=\"elementor-button elementor-button-link elementor-size-sm\" href=\"https:\/\/cde.unife.it\/wp-content\/uploads\/2026\/01\/screencapture-unife-it-centri-cde-it-ricerca-e-altre-attivita-attivita-2013-2026-01-27-08_47_36_compressed.pdf\">\n\t\t\t\t\t\t<span class=\"elementor-button-content-wrapper\">\n\t\t\t\t\t\t\t\t\t<span class=\"elementor-button-text\">Activities 2013<\/span>\n\t\t\t\t\t<\/span>\n\t\t\t\t\t<\/a>\n\t\t\t\t\t\t\t\t<\/div>\n\t\t\t\t<div class=\"elementor-element elementor-element-635c56e elementor-align-center elementor-widget elementor-widget-button\" data-id=\"635c56e\" data-element_type=\"widget\" data-widget_type=\"button.default\">\n\t\t\t\t\t\t\t\t\t\t<a class=\"elementor-button elementor-button-link elementor-size-sm\" href=\"https:\/\/cde.unife.it\/wp-content\/uploads\/2026\/01\/screencapture-unife-it-centri-cde-it-ricerca-e-altre-attivita-attivita-2012-2026-01-27-08_49_24_compressed.pdf\">\n\t\t\t\t\t\t<span class=\"elementor-button-content-wrapper\">\n\t\t\t\t\t\t\t\t\t<span class=\"elementor-button-text\">Activities 2012<\/span>\n\t\t\t\t\t<\/span>\n\t\t\t\t\t<\/a>\n\t\t\t\t\t\t\t\t<\/div>\n\t\t\t\t<\/div>\n\t\t\t\t<div class=\"elementor-element elementor-element-8a8a33d elementor-widget elementor-widget-spacer\" data-id=\"8a8a33d\" data-element_type=\"widget\" data-widget_type=\"spacer.default\">\n\t\t\t\t\t\t\t<div class=\"elementor-spacer\">\n\t\t\t<div class=\"elementor-spacer-inner\"><\/div>\n\t\t<\/div>\n\t\t\t\t\t\t<\/div>\n\t\t<div class=\"elementor-element elementor-element-684e91c e-con-full e-flex e-con e-child\" data-id=\"684e91c\" data-element_type=\"container\">\n\t\t\t\t<div class=\"elementor-element elementor-element-050ee00 elementor-widget elementor-widget-button\" data-id=\"050ee00\" data-element_type=\"widget\" data-widget_type=\"button.default\">\n\t\t\t\t\t\t\t\t\t\t<a class=\"elementor-button elementor-button-link elementor-size-sm\" href=\"https:\/\/cde.unife.it\/wp-content\/uploads\/2026\/01\/screencapture-unife-it-centri-cde-it-ricerca-e-altre-attivita-attivita-2011-2026-01-27-08_58_07_compressed.pdf\">\n\t\t\t\t\t\t<span class=\"elementor-button-content-wrapper\">\n\t\t\t\t\t\t\t\t\t<span class=\"elementor-button-text\">Activities 2011<\/span>\n\t\t\t\t\t<\/span>\n\t\t\t\t\t<\/a>\n\t\t\t\t\t\t\t\t<\/div>\n\t\t\t\t<div class=\"elementor-element elementor-element-020ad4c elementor-widget elementor-widget-button\" data-id=\"020ad4c\" data-element_type=\"widget\" data-widget_type=\"button.default\">\n\t\t\t\t\t\t\t\t\t\t<a class=\"elementor-button elementor-button-link elementor-size-sm\" href=\"https:\/\/cde.unife.it\/wp-content\/uploads\/2026\/01\/screencapture-unife-it-centri-cde-it-ricerca-e-altre-attivita-attivita-2010-2026-01-27-08_59_35_compressed.pdf\">\n\t\t\t\t\t\t<span class=\"elementor-button-content-wrapper\">\n\t\t\t\t\t\t\t\t\t<span class=\"elementor-button-text\">Activities 2010<\/span>\n\t\t\t\t\t<\/span>\n\t\t\t\t\t<\/a>\n\t\t\t\t\t\t\t\t<\/div>\n\t\t\t\t<div class=\"elementor-element elementor-element-0c7475e elementor-widget elementor-widget-button\" data-id=\"0c7475e\" data-element_type=\"widget\" data-widget_type=\"button.default\">\n\t\t\t\t\t\t\t\t\t\t<a class=\"elementor-button elementor-button-link elementor-size-sm\" href=\"https:\/\/cde.unife.it\/wp-content\/uploads\/2026\/01\/screencapture-unife-it-centri-cde-it-ricerca-e-altre-attivita-attivita-2009-2026-01-27-09_01_00_compressed.pdf\">\n\t\t\t\t\t\t<span class=\"elementor-button-content-wrapper\">\n\t\t\t\t\t\t\t\t\t<span class=\"elementor-button-text\">Activities 2009<\/span>\n\t\t\t\t\t<\/span>\n\t\t\t\t\t<\/a>\n\t\t\t\t\t\t\t\t<\/div>\n\t\t\t\t<div class=\"elementor-element elementor-element-54f61f4 elementor-align-center elementor-widget elementor-widget-button\" data-id=\"54f61f4\" data-element_type=\"widget\" data-widget_type=\"button.default\">\n\t\t\t\t\t\t\t\t\t\t<a class=\"elementor-button elementor-button-link elementor-size-sm\" href=\"https:\/\/cde.unife.it\/wp-content\/uploads\/2026\/01\/screencapture-unife-it-centri-cde-it-ricerca-e-altre-attivita-attivita-2008-1-2026-01-27-09_02_36_compressed.pdf\">\n\t\t\t\t\t\t<span class=\"elementor-button-content-wrapper\">\n\t\t\t\t\t\t\t\t\t<span class=\"elementor-button-text\">Activities 2008<\/span>\n\t\t\t\t\t<\/span>\n\t\t\t\t\t<\/a>\n\t\t\t\t\t\t\t\t<\/div>\n\t\t\t\t<\/div>\n\t\t\t\t<div class=\"elementor-element elementor-element-7c22205 elementor-widget elementor-widget-spacer\" data-id=\"7c22205\" data-element_type=\"widget\" data-widget_type=\"spacer.default\">\n\t\t\t\t\t\t\t<div class=\"elementor-spacer\">\n\t\t\t<div class=\"elementor-spacer-inner\"><\/div>\n\t\t<\/div>\n\t\t\t\t\t\t<\/div>\n\t\t<div class=\"elementor-element elementor-element-dd68f91 e-con-full e-flex e-con e-child\" data-id=\"dd68f91\" data-element_type=\"container\">\n\t\t\t\t<div class=\"elementor-element elementor-element-abe987d elementor-widget elementor-widget-button\" data-id=\"abe987d\" data-element_type=\"widget\" data-widget_type=\"button.default\">\n\t\t\t\t\t\t\t\t\t\t<a class=\"elementor-button elementor-button-link elementor-size-sm\" href=\"https:\/\/cde.unife.it\/wp-content\/uploads\/2026\/01\/screencapture-unife-it-centri-cde-it-ricerca-e-altre-attivita-attivita-2007-2026-01-27-11_08_40_compressed.pdf\">\n\t\t\t\t\t\t<span class=\"elementor-button-content-wrapper\">\n\t\t\t\t\t\t\t\t\t<span class=\"elementor-button-text\">Activities 2007<\/span>\n\t\t\t\t\t<\/span>\n\t\t\t\t\t<\/a>\n\t\t\t\t\t\t\t\t<\/div>\n\t\t\t\t<div class=\"elementor-element elementor-element-7b55c4b elementor-widget elementor-widget-button\" data-id=\"7b55c4b\" data-element_type=\"widget\" data-widget_type=\"button.default\">\n\t\t\t\t\t\t\t\t\t\t<a class=\"elementor-button elementor-button-link elementor-size-sm\" href=\"https:\/\/cde.unife.it\/wp-content\/uploads\/2026\/01\/screencapture-unife-it-centri-cde-it-ricerca-e-altre-attivita-attivita-2006-2026-01-27-11_15_10_compressed.pdf\">\n\t\t\t\t\t\t<span class=\"elementor-button-content-wrapper\">\n\t\t\t\t\t\t\t\t\t<span class=\"elementor-button-text\">Activities 2006<\/span>\n\t\t\t\t\t<\/span>\n\t\t\t\t\t<\/a>\n\t\t\t\t\t\t\t\t<\/div>\n\t\t\t\t<div class=\"elementor-element elementor-element-bc6b27d elementor-widget elementor-widget-button\" data-id=\"bc6b27d\" data-element_type=\"widget\" data-widget_type=\"button.default\">\n\t\t\t\t\t\t\t\t\t\t<a class=\"elementor-button elementor-button-link elementor-size-sm\" href=\"https:\/\/cde.unife.it\/wp-content\/uploads\/2026\/01\/screencapture-unife-it-centri-cde-it-ricerca-e-altre-attivita-attivita-2005-2026-01-27-11_16_29_compressed.pdf\">\n\t\t\t\t\t\t<span class=\"elementor-button-content-wrapper\">\n\t\t\t\t\t\t\t\t\t<span class=\"elementor-button-text\">Activities 2005<\/span>\n\t\t\t\t\t<\/span>\n\t\t\t\t\t<\/a>\n\t\t\t\t\t\t\t\t<\/div>\n\t\t\t\t<div class=\"elementor-element elementor-element-48de9c0 elementor-align-center elementor-widget elementor-widget-button\" data-id=\"48de9c0\" data-element_type=\"widget\" data-widget_type=\"button.default\">\n\t\t\t\t\t\t\t\t\t\t<a class=\"elementor-button elementor-button-link elementor-size-sm\" href=\"https:\/\/cde.unife.it\/wp-content\/uploads\/2026\/01\/screencapture-unife-it-centri-cde-it-ricerca-e-altre-attivita-attivita-2004-2026-01-27-11_17_48_compressed.pdf\">\n\t\t\t\t\t\t<span class=\"elementor-button-content-wrapper\">\n\t\t\t\t\t\t\t\t\t<span class=\"elementor-button-text\">Activities 2004<\/span>\n\t\t\t\t\t<\/span>\n\t\t\t\t\t<\/a>\n\t\t\t\t\t\t\t\t<\/div>\n\t\t\t\t<\/div>\n\t\t\t\t<div class=\"elementor-element elementor-element-dd86412 elementor-widget elementor-widget-spacer\" data-id=\"dd86412\" data-element_type=\"widget\" data-widget_type=\"spacer.default\">\n\t\t\t\t\t\t\t<div class=\"elementor-spacer\">\n\t\t\t<div class=\"elementor-spacer-inner\"><\/div>\n\t\t<\/div>\n\t\t\t\t\t\t<\/div>\n\t\t<div class=\"elementor-element elementor-element-3daa43b e-con-full e-flex e-con e-child\" data-id=\"3daa43b\" data-element_type=\"container\">\n\t\t\t\t<div class=\"elementor-element elementor-element-02c853c elementor-widget elementor-widget-button\" data-id=\"02c853c\" data-element_type=\"widget\" data-widget_type=\"button.default\">\n\t\t\t\t\t\t\t\t\t\t<a class=\"elementor-button elementor-button-link elementor-size-sm\" href=\"https:\/\/cde.unife.it\/wp-content\/uploads\/2026\/01\/screencapture-unife-it-centri-cde-it-ricerca-e-altre-attivita-attivita-2003-2026-01-27-11_20_04_compressed.pdf\">\n\t\t\t\t\t\t<span class=\"elementor-button-content-wrapper\">\n\t\t\t\t\t\t\t\t\t<span class=\"elementor-button-text\">Activities 2003<\/span>\n\t\t\t\t\t<\/span>\n\t\t\t\t\t<\/a>\n\t\t\t\t\t\t\t\t<\/div>\n\t\t\t\t<div class=\"elementor-element elementor-element-74d414a elementor-widget elementor-widget-button\" data-id=\"74d414a\" data-element_type=\"widget\" data-widget_type=\"button.default\">\n\t\t\t\t\t\t\t\t\t\t<a class=\"elementor-button elementor-button-link elementor-size-sm\" href=\"https:\/\/cde.unife.it\/wp-content\/uploads\/2026\/01\/screencapture-unife-it-centri-cde-it-ricerca-e-altre-attivita-attivita-2002-2026-01-27-11_32_53_compressed.pdf\">\n\t\t\t\t\t\t<span class=\"elementor-button-content-wrapper\">\n\t\t\t\t\t\t\t\t\t<span class=\"elementor-button-text\">Activities 2002<\/span>\n\t\t\t\t\t<\/span>\n\t\t\t\t\t<\/a>\n\t\t\t\t\t\t\t\t<\/div>\n\t\t\t\t<div class=\"elementor-element elementor-element-199c72d elementor-widget elementor-widget-button\" data-id=\"199c72d\" data-element_type=\"widget\" data-widget_type=\"button.default\">\n\t\t\t\t\t\t\t\t\t\t<a class=\"elementor-button elementor-button-link elementor-size-sm\" href=\"https:\/\/cde.unife.it\/wp-content\/uploads\/2026\/01\/screencapture-unife-it-centri-cde-it-ricerca-e-altre-attivita-attivita-2001-2026-01-27-11_34_07_compressed.pdf\">\n\t\t\t\t\t\t<span class=\"elementor-button-content-wrapper\">\n\t\t\t\t\t\t\t\t\t<span class=\"elementor-button-text\">Activities 2001<\/span>\n\t\t\t\t\t<\/span>\n\t\t\t\t\t<\/a>\n\t\t\t\t\t\t\t\t<\/div>\n\t\t\t\t<div class=\"elementor-element elementor-element-eecc299 elementor-align-center elementor-widget elementor-widget-button\" data-id=\"eecc299\" data-element_type=\"widget\" data-widget_type=\"button.default\">\n\t\t\t\t\t\t\t\t\t\t<a class=\"elementor-button elementor-button-link elementor-size-sm\" href=\"https:\/\/cde.unife.it\/wp-content\/uploads\/2026\/01\/screencapture-unife-it-centri-cde-it-ricerca-e-altre-attivita-attivita-2000-2026-01-27-11_35_15_compressed.pdf\">\n\t\t\t\t\t\t<span class=\"elementor-button-content-wrapper\">\n\t\t\t\t\t\t\t\t\t<span class=\"elementor-button-text\">Activities 2000<\/span>\n\t\t\t\t\t<\/span>\n\t\t\t\t\t<\/a>\n\t\t\t\t\t\t\t\t<\/div>\n\t\t\t\t<\/div>\n\t\t\t\t<\/div>\n\t\t\t\t<\/div>","protected":false},"excerpt":{"rendered":"<p>Archivio Scarica tutte le rassegne degli ultimi anni del CDE: Attivit\u00e0 2023 Attivit\u00e0 2022 Attivit\u00e0 2021 Attivit\u00e0 2020 Attivit\u00e0 2019 Attivit\u00e0 2018 Attivit\u00e0 2017 Attivit\u00e0 2016 Attivit\u00e0 2015 Attivit\u00e0 2014 Attivit\u00e0 2013 Attivit\u00e0 2012 Attivit\u00e0 2011 Attivit\u00e0 2010 Attivit\u00e0 2009 Attivit\u00e0 2008 Attivit\u00e0 2007 Attivit\u00e0 2006 Attivit\u00e0 2005 Attivit\u00e0 2004 Attivit\u00e0 2003 Attivit\u00e0 2002 Attivit\u00e0 [&hellip;]<\/p>","protected":false},"author":1,"featured_media":0,"parent":0,"menu_order":0,"comment_status":"closed","ping_status":"closed","template":"","meta":{"_acf_changed":false,"footnotes":""},"class_list":["post-3265","page","type-page","status-publish","hentry"],"acf":[],"_links":{"self":[{"href":"https:\/\/cde.unife.it\/en\/wp-json\/wp\/v2\/pages\/3265","targetHints":{"allow":["GET"]}}],"collection":[{"href":"https:\/\/cde.unife.it\/en\/wp-json\/wp\/v2\/pages"}],"about":[{"href":"https:\/\/cde.unife.it\/en\/wp-json\/wp\/v2\/types\/page"}],"author":[{"embeddable":true,"href":"https:\/\/cde.unife.it\/en\/wp-json\/wp\/v2\/users\/1"}],"replies":[{"embeddable":true,"href":"https:\/\/cde.unife.it\/en\/wp-json\/wp\/v2\/comments?post=3265"}],"version-history":[{"count":88,"href":"https:\/\/cde.unife.it\/en\/wp-json\/wp\/v2\/pages\/3265\/revisions"}],"predecessor-version":[{"id":10491,"href":"https:\/\/cde.unife.it\/en\/wp-json\/wp\/v2\/pages\/3265\/revisions\/10491"}],"wp:attachment":[{"href":"https:\/\/cde.unife.it\/en\/wp-json\/wp\/v2\/media?parent=3265"}],"curies":[{"name":"wp","href":"https:\/\/api.w.org\/{rel}","templated":true}]}}