{"id":3046,"date":"2026-01-25T21:35:47","date_gmt":"2026-01-25T20:35:47","guid":{"rendered":"https:\/\/cde.unife.it\/?page_id=3046"},"modified":"2026-02-19T16:19:47","modified_gmt":"2026-02-19T15:19:47","slug":"collane-storiche","status":"publish","type":"page","link":"https:\/\/cde.unife.it\/en\/collane-storiche\/","title":{"rendered":"Historical Editorial Series"},"content":{"rendered":"<div data-elementor-type=\"wp-page\" data-elementor-id=\"3046\" class=\"elementor elementor-3046\" data-elementor-post-type=\"page\">\n\t\t\t\t<div class=\"elementor-element elementor-element-2d91479 e-con-full e-flex e-con e-parent\" data-id=\"2d91479\" data-element_type=\"container\">\n\t\t\t\t<div class=\"elementor-element elementor-element-c7d1b98 elementor-widget elementor-widget-image\" data-id=\"c7d1b98\" data-element_type=\"widget\" data-widget_type=\"image.default\">\n\t\t\t\t\t\t\t\t\t\t\t\t\t\t\t<img fetchpriority=\"high\" decoding=\"async\" width=\"1599\" height=\"414\" src=\"https:\/\/cde.unife.it\/wp-content\/uploads\/2026\/02\/quaderni__.jpg\" class=\"attachment-full size-full wp-image-10439\" alt=\"\" srcset=\"https:\/\/cde.unife.it\/wp-content\/uploads\/2026\/02\/quaderni__.jpg 1599w, https:\/\/cde.unife.it\/wp-content\/uploads\/2026\/02\/quaderni__-300x78.jpg 300w, https:\/\/cde.unife.it\/wp-content\/uploads\/2026\/02\/quaderni__-1024x265.jpg 1024w, https:\/\/cde.unife.it\/wp-content\/uploads\/2026\/02\/quaderni__-768x199.jpg 768w, https:\/\/cde.unife.it\/wp-content\/uploads\/2026\/02\/quaderni__-1536x398.jpg 1536w, https:\/\/cde.unife.it\/wp-content\/uploads\/2026\/02\/quaderni__-18x5.jpg 18w\" sizes=\"(max-width: 1599px) 100vw, 1599px\" \/>\t\t\t\t\t\t\t\t\t\t\t\t\t\t\t<\/div>\n\t\t\t\t<\/div>\n\t\t<div class=\"elementor-element elementor-element-0b93ee4 e-flex e-con-boxed e-con e-parent\" data-id=\"0b93ee4\" data-element_type=\"container\" data-settings=\"{&quot;background_background&quot;:&quot;classic&quot;}\">\n\t\t\t\t\t<div class=\"e-con-inner\">\n\t\t\t\t<div class=\"elementor-element elementor-element-a48db51 elementor-widget elementor-widget-heading\" data-id=\"a48db51\" data-element_type=\"widget\" data-widget_type=\"heading.default\">\n\t\t\t\t\t<h1 class=\"elementor-heading-title elementor-size-default\">Historical Editorial Series<\/h1>\t\t\t\t<\/div>\n\t\t\t\t\t<\/div>\n\t\t\t\t<\/div>\n\t\t<div class=\"elementor-element elementor-element-f558919 e-flex e-con-boxed e-con e-parent\" data-id=\"f558919\" data-element_type=\"container\" data-settings=\"{&quot;background_background&quot;:&quot;classic&quot;}\">\n\t\t\t\t\t<div class=\"e-con-inner\">\n\t\t\t\t<div class=\"elementor-element elementor-element-771b544 elementor-widget elementor-widget-heading\" data-id=\"771b544\" data-element_type=\"widget\" data-widget_type=\"heading.default\">\n\t\t\t\t\t<h2 class=\"elementor-heading-title elementor-size-default\">CDE publications<\/h2>\t\t\t\t<\/div>\n\t\t\t\t<div class=\"elementor-element elementor-element-93a94ac elementor-widget elementor-widget-text-editor\" data-id=\"93a94ac\" data-element_type=\"widget\" data-widget_type=\"text-editor.default\">\n\t\t\t\t\t\t\t\t\t<p class=\"callout translation-block\">The <strong>CDE<\/strong> has its own <strong>Study Series<\/strong> in which, since the <strong>1960s<\/strong>, it has published a series of research studies on topics related to European policies and the history of European integration.<\/p><p class=\"callout\">Recent publications have explored topics such as EU environmental law, prisoners' rights and the European penitentiary system, renewable energy, and sustainable energy planning.<\/p><p class=\"callout translation-block\">The series of studies also publishes the <strong>Proceedings of conferences organized by the CDE<\/strong>, such as, for example, the one entitled \u201c<em>Feeding the planet? The role of Europe in global economic and food development<\/em>\u201d.<\/p>\t\t\t\t\t\t\t\t<\/div>\n\t\t\t\t\t<\/div>\n\t\t\t\t<\/div>\n\t\t<div class=\"elementor-element elementor-element-77fd9ef e-con-full e-flex e-con e-parent\" data-id=\"77fd9ef\" data-element_type=\"container\">\n\t\t\t\t<div class=\"elementor-element elementor-element-286b12c elementor-widget elementor-widget-heading\" data-id=\"286b12c\" data-element_type=\"widget\" data-widget_type=\"heading.default\">\n\t\t\t\t\t<h2 class=\"elementor-heading-title elementor-size-default\">Notebooks (1985 - 2012)<\/h2>\t\t\t\t<\/div>\n\t\t\t\t<div class=\"elementor-element elementor-element-10a8463 elementor-widget elementor-widget-text-editor\" data-id=\"10a8463\" data-element_type=\"widget\" data-widget_type=\"text-editor.default\">\n\t\t\t\t\t\t\t\t\t<ul><li class=\"translation-block\">\u201cIncentivi C.E.E. per la riforma delle strutture economiche\u201d <em>edited by Laura Forlati Picchio ; N. Bobbio \u2026 et al.. \u2013<\/em> Padova: CEDAM, 1985. \u2013 LV, 353 p. : ill. ; 24 cm (Contains contributions from: <em>N. Bobbio, F. Bosello, P. De Caterini, P. Fois, V. Guizzi, V. Leanza, G. Mengarelli, F. Mosconi, M. Offeddu, G. Sciullo, B. Zanghirati<\/em>).<br>Placement at the CDE: 21. CDE. B10<\/li><\/ul><ul><li class=\"translation-block\">\u201cCrisi Falkland-Malvinas e organizzazione internazionale\u201d <em>edited by Laura Forlati and Francisco Leita; G. Battaglini \u2026 [et al.].<\/em> \u2013 Padova: CEDAM, 1985. \u2013 X, 224 p. ; 24 cm. (Contains contributions by: G<em>. Battaglini, A.A. Cancado Trindade, L. Forlati Picchio, B. Grandi, F. Leita, A. Migliazza, M. Panebianco, F. Pocar, J. Verhoeven<\/em>)<br>\nPlacement at the: 21. CDE. B11<\/li><\/ul><ul><li class=\"translation-block\">\u201cMercato comune e neoprotezionismo: aspetti economici, giuridici e fiscali\u201d <em>edited by Giorgio Stefani \u2026 [et al.].<\/em> \u2013 Padova: CEDAM, 1987. \u2013 XXVI, 248 pp. ; 24 cm. (Contributions by: V. Caramelli, A. Comba, A.M. Corsi Viglietta, L. Forlati Picchio, E. Greppi, G. Porro, G. Stefani) <br>Placement at the CDE: 21. CDE. B12<\/li><\/ul><ul><li class=\"translation-block\">\u201cMercato comune e sviluppo regionale: Spagna, Portogallo e Grecia\u201d <em>edited by Giorgio Stefani\u2026 [et al.].<\/em> \u2013 Padova: Cedam, 1989. \u2013 XV, 278 p. ; 24 cm. (Contributions by: <em>V. Caramelli, A.M. Corsi Viglietta, A. Koutris, M.C. Lopez Porto, M. Nikolinakos, A. Soy, G. Stefani<\/em>) <br>Placement at the CDE: 21. CDE. B13<\/li><\/ul><ul><li>&#8220;Giurisdizione e legge applicabile ai contratti nella CEE&#8221; <em>a cura di E. Jayme e L. Picchio Forlati ; S. Carbone &#8230; [et al.].<\/em> &#8211; Padova: CEDAM, 1990. &#8211; X, 328 p. ; 25 cm. (Contiene contributi di: <em>A. Giardina, E. Jayme, S. Carbone, A. Zanobetti, D. Rinoldi, L. Picchio Forlati<\/em>).<br \/>Placement at the CDE: 21. CDE. B14<\/li><\/ul><ul><li class=\"translation-block\">\u201cLa politica di ricerca delle comunit\u00e0 europee\u201d <em>by Lauso Zagato.<\/em> \u2013 Padova: CEDAM, 1993. \u2013 XIV, 460 p. ; 24 cm.<br>Placement at the CDE: 21. CDE. B15<\/li><\/ul><ul><li class=\"translation-block\">\u201cI soggetti dell\u2019Unione europea\u201d <em>by Maria Pia Trevisani.<\/em> \u2013 Padova: CEDAM, 1995. \u2013 XIV, 267 p. ; 24 cm.<br>Placement at the CDE: 21. CDE. B16<\/li><\/ul><ul><li class=\"translation-block\">\u201cLe politiche strutturali e di coesione economica e sociale dell\u2019Unione europea: un\u2019analisi introduttiva con particolare riferimento all\u2019Italia\u201d <em>by Aurelio Bruzzo, Antonella Venza; introduction by Giorgio Stefani; preface by Patrizio Bianchi.<\/em> \u2013 Padova: CEDAM, 1998. \u2013 XIV, 230 p. ; 24 cm. <br>Placement at the CDE: 21. CDE. B17<\/li><\/ul><ul><li class=\"translation-block\">\u201cLe politiche strutturali della Comunit\u00e0 europea per la coesione economica e sociale\u201d <em>by Aurelio Bruzzo<\/em>. \u2013 Padova: CEDAM, 2000. \u2013 XIV, 305 p. ; 24-<br>Placement at the CDE: 21. CDE. B18<\/li><\/ul><ul><li class=\"translation-block\">\u201cLa tutela dell\u2019euro: teoria e prassi\u201d <em>edited by Alessandro Bernardi.<\/em> \u2013 Padova: Cedam, 2005. \u2013 XVIII, 195 p. ; 24 cm.<br>Placement at the CDE: 21. CDE. B19<\/li><\/ul><ul><li class=\"translation-block\">\u201cIl diritto comunitario della pesca\u201d <em>by Cristiana Fioravanti.<\/em> \u2013 Padova: Cedam, 2007. \u2013 X, 343 p. ; 24 cm.<br>Placement at the CDE: 21. CDE. B20 e 7.1.B8<\/li><\/ul><ul><li class=\"translation-block\">\u201cProfili di diritto ambientale nell\u2019Unione Europea\u201d <em>by Luigi Costato, Silvia Manservisi.<\/em> \u2013 Padova: Cedam, 2012. \u2013 VIII, 209 p. ; 24 cm.<br>Placement at the CDE: 21. CDE. B21<\/li><\/ul>\t\t\t\t\t\t\t\t<\/div>\n\t\t\t\t<\/div>\n\t\t<div class=\"elementor-element elementor-element-a72c914 e-con-full e-flex e-con e-parent\" data-id=\"a72c914\" data-element_type=\"container\" id=\"documenti\">\n\t\t\t\t<div class=\"elementor-element elementor-element-494b15e elementor-widget elementor-widget-heading\" data-id=\"494b15e\" data-element_type=\"widget\" id=\"attivita\" data-widget_type=\"heading.default\">\n\t\t\t\t\t<h2 class=\"elementor-heading-title elementor-size-default\">Handouts (1990-1998)<\/h2>\t\t\t\t<\/div>\n\t\t\t\t<div class=\"elementor-element elementor-element-2470cca elementor-widget-mobile__width-initial elementor-widget elementor-widget-text-editor\" data-id=\"2470cca\" data-element_type=\"widget\" data-widget_type=\"text-editor.default\">\n\t\t\t\t\t\t\t\t\t<ul><li class=\"translation-block\">\u201cProspettive del mercato unico europeo - 1993. 1st CYCLE.\u201d December 1990, pp. 177.<\/li><\/ul><ul><li class=\"translation-block\">\u201cProspettive del mercato unico europeo \u2013 1993. 2nd Cycle.\u201d December 1991, pp. 152.<\/li><\/ul><ul><li class=\"translation-block\">\u201cImprese e regioni forti e deboli nel mercato unico europeo.\u201d <em>Study Conference. November 1992, pp. 116.<\/em><\/li><\/ul><ul><li class=\"translation-block\">\u201cL\u2019avvio dell\u2019Unione europea.\u201d <em>Refresher Seminars. 1994, pp. 93<\/em><\/li><\/ul><ul><li class=\"translation-block\">\u201cProblemi e prospettive dell\u2019Unione europea.\u201d <em>November 1996, pp. 82.<\/em><\/li><\/ul><ul><li class=\"translation-block\">\u201cVerso una realizzazione dell\u2019Unione europea.\u201d <em>December 1998, pp. 115<\/em><\/li><\/ul>\t\t\t\t\t\t\t\t<\/div>\n\t\t\t\t<\/div>\n\t\t<div class=\"elementor-element elementor-element-d27ac42 e-con-full e-flex e-con e-parent\" data-id=\"d27ac42\" data-element_type=\"container\">\n\t\t\t\t<div class=\"elementor-element elementor-element-4ef79d2 elementor-widget elementor-widget-heading\" data-id=\"4ef79d2\" data-element_type=\"widget\" data-widget_type=\"heading.default\">\n\t\t\t\t\t<h2 class=\"elementor-heading-title elementor-size-default\">Pubblicazioni \n(1957-1967)<\/h2>\t\t\t\t<\/div>\n\t\t\t\t<div class=\"elementor-element elementor-element-9d3c3a4 elementor-widget-mobile__width-initial elementor-widget elementor-widget-text-editor\" data-id=\"9d3c3a4\" data-element_type=\"widget\" data-widget_type=\"text-editor.default\">\n\t\t\t\t\t\t\t\t\t<h3><strong>CDE Series<\/strong><\/h3><ul><li class=\"translation-block\">\u201cOrdinamento del consiglio d\u2019Europa. Statuto e regolamenti\u201d Introduction and notes by Manlio Udina. \u2013 Padova: Cedam, 1954, pp. 159.<\/li><\/ul><ul><li class=\"translation-block\">\u201cRisoluzione del Comitato di Studi per la Costituzione Europea.\u201d <em>Edited by the European Movement and G. Lucatello. \u2013 <\/em>Padova: Cedam, 1954, pp. 47.<\/li><\/ul><ul><li class=\"translation-block\">\u201cOrdinamento della Comunit\u00e0 Europea del carbone e dell\u2019acciaio.\u201d <em>Introduction and notes by F. Benvenuti<\/em>. \u2013 Padua: Cedam, 1961. (2 volumes).<\/li><\/ul><h3><strong>CDE Notebooks (first series)<\/strong><\/h3><ul><li class=\"translation-block\">\u201cIl Consiglio d\u2019Europa\u201d <em>by G. Lucatello; \u201c<\/em>La sicurezza sociale nelle Comunit\u00e0 europee\u201d <em>by C. Lega; \u201c<\/em>L\u2019economia italiana di fronte al Mercato comune europeo\u201d <em>by I. Gasparini;<\/em> \u201cAssociazione economica europea e Mercato comune\u201d <em>by G. Martino<\/em>. \u2013 Milan: A. Giuffr\u00e9, 1960. \u2013 96 p.; 23 cm. <br>Placement at CDE: 21. CDE. B1<\/li><\/ul><ul><li class=\"translation-block\">\u201cLe Comunit\u00e0 europee\u201d. \u2013 Milano: A. Giuffr\u00e8, 1961; 23 cm. Pt. 1: \u201cLa formazione storica\u201d <em>by E. Anchier<\/em>i; \u201cI lineamenti giuridici\u201d <em>by G.Lucatello;<\/em> \u201cLe sfere di competenza\u201d <em>by M. Udina; \u201c<\/em>Gli organi comuni e le loro funzioni\u201d <em>by G. Vignocchi.<\/em> \u2013 1961. \u2013 XI, 92 p. (Pref. G. Lucatello).<br>Placement at CDE: 21. CDE. B2<\/li><\/ul><ul><li class=\"translation-block\">\u201cLe Comunit\u00e0 europee\u201d. \u2013 Milano: A. Giuffr\u00e8, 1961; 23 cm. Pt. 2: \u201cGli organi particolari a ciascuna e le loro funzioni\u201d <em>by F. Florio;<\/em> \u201cL\u2019Inserimento diretto della normativa negli ordinamenti degli Stati membri\u201d <em> by N. Catalano;<\/em> \u201cL\u2019ordinamento tributario\u201d <em>by  G. Stefani;<\/em> \u201cLe origini e le prospettive politiche\u201d <em>by P. Quaroni.<\/em> \u2013 Milano: Giuffr\u00e8, 1961. \u2013 117 p. ; 23 cm.<br>Placement at CDE: 21. CDE. B3<\/li><\/ul><ul><li>&#8220;Scambi economici fra i paesi europei \/ L&#8217;associazione europea di libero scambio&#8221; <em>by T. Bagiotti<\/em>; &#8220;Tendenze e problemi degli scambi economici fra i Paesi del M.E.C. ed i Paesi dell&#8217;E.F.T.A.&#8221; <em>by I. Gasparini<\/em>; &#8220;La croissance \u00e8conomique dans les Pays d&#8217;Europe \u00e0 \u00e9conomie socialiste et le r\u00f4le du commerce ext\u00e9rieur&#8221; <em>di K. Laski.<\/em> &#8211; Milano: A. Giuffr\u00e9, 1962. &#8211; 64 p. ; 23 cm. <br \/>Placement at the CDE: 21. CDE. B4<\/li><\/ul><ul><li class=\"translation-block\">\u201cLo sviluppo economico delle Comunit\u00e0 europee\u2026 \/ sotto gli auspici della Camera di CIA di Ferrara\u201d. \u2013 Milano: A. Giuffr\u00e9. \u2013 v. ; 23 cm.\nPt. 1: \u201cLa disciplina della concorrenza\u201d by Bruno Visentini [et al.]. \u2013 Milano: Giuffre, 1966. \u2013 VI, 101 p. ; 22 cm.\nPlacement at the CDE: 21. CDE. B5<\/li><\/ul><ul><li>\u201cLo sviluppo economico delle Comunit\u00e0 europee\u2026 \/ sotto gli auspici della Camera di CIA di Ferrara\u201d. \u2013 Milano: A. Giuffr\u00e9. \u2013 v. ; 23 cm.<br \/>Pt. 2: &#8220;Prospettive e problemi economici italiani \/ Le prospettive dell&#8217;industria&#8221; <em>by T. Bagiotti<\/em>; &#8220;I problemi dell&#8217;agricoltura&#8221; <em>by M. Bandini<\/em>; &#8220;I problemi della frutticoltura&#8221;, <em>by O. Ferro<\/em>; &#8220;L&#8217;economia emiliano-romagnola&#8221; <em>by G. Merlini.<\/em> &#8211; Milano: A. Giuffr\u00e8, 1963. &#8211; 96 p. ; 23 cm.<br \/>Placement at the CDE: 21. CDE. B6<\/li><\/ul><ul><li class=\"translation-block\">\u201cLo sviluppo economico delle Comunit\u00e0 europee\u2026 \/ sotto gli auspici della Camera di CIA di Ferrara\u201d. \u2013 Milano: A. Giuffr\u00e9. \u2013 v. ; 23 cm.\nPt. 3: \u201cPolitica economica e consuntivo della CEE\u201d <em>  edited by Guido Lucatello <\/em>. \u2013 Milano: Giuffr\u00e8, 1963. \u2013 77 p. ; 23 cm. (Contributions from: E. D\u2019Albergo, G. Franco, G. Della Porta, G. Caron).\nPlacement at the CDE: 21. CDE. B7<\/li><\/ul><ul><li class=\"translation-block\">\u201cIdeali e realizzazioni d\u2019integrazione europea\u2026\u201d\u00a0 <em>edited by Guido Lucatello<\/em>. \u2013 Milano: Giuffr\u00e9, 1967. \u2013 53 p. ; 23 cm. In cop.: Da Napoleone ai nostri giorni. \u2013 Contributions from: C. Ghisalberti, A. Negri, J. Charpentier, G. Caron.<br>Placement at CDE: 21. CDE. B8<\/li><\/ul><ul><li class=\"translation-block\">\u201cPer una visione sistematica del diritto comunitario\u201d <em>by A. Trabucchi; \u201c<\/em>Comunit\u00e0 europee e sovranit\u00e0 degli stati\u201d <em>by G. Biscottini; \u201c<\/em>La Chiesa cattolica e l\u2019Europa\u201d <em>by G. Saraceni.<\/em> \u2013 Milano: Giuffr\u00e9, 1967. \u2013 60 p. ; 23 cm.<br>Placement at CDE: 21. CDE. B9<\/li><\/ul>\t\t\t\t\t\t\t\t<\/div>\n\t\t\t\t<\/div>\n\t\t\t\t<\/div>","protected":false},"excerpt":{"rendered":"<p>Collane storiche Le pubbicazioni del CDE Il CDE ha una propria Collana di studi nella quale, a partire dagli anni \u201960, ha pubblicato una serie di ricerche su argomenti legati alle politiche europee e alla storia dell\u2019integrazione europea. Gli ultimi volumi pubblicati hanno approfondito argomenti quali il diritto ambientale dell\u2019UE, i diritti dei detenuti e [&hellip;]<\/p>","protected":false},"author":1,"featured_media":0,"parent":0,"menu_order":0,"comment_status":"closed","ping_status":"closed","template":"","meta":{"_acf_changed":false,"footnotes":""},"class_list":["post-3046","page","type-page","status-publish","hentry"],"acf":[],"_links":{"self":[{"href":"https:\/\/cde.unife.it\/en\/wp-json\/wp\/v2\/pages\/3046","targetHints":{"allow":["GET"]}}],"collection":[{"href":"https:\/\/cde.unife.it\/en\/wp-json\/wp\/v2\/pages"}],"about":[{"href":"https:\/\/cde.unife.it\/en\/wp-json\/wp\/v2\/types\/page"}],"author":[{"embeddable":true,"href":"https:\/\/cde.unife.it\/en\/wp-json\/wp\/v2\/users\/1"}],"replies":[{"embeddable":true,"href":"https:\/\/cde.unife.it\/en\/wp-json\/wp\/v2\/comments?post=3046"}],"version-history":[{"count":100,"href":"https:\/\/cde.unife.it\/en\/wp-json\/wp\/v2\/pages\/3046\/revisions"}],"predecessor-version":[{"id":10563,"href":"https:\/\/cde.unife.it\/en\/wp-json\/wp\/v2\/pages\/3046\/revisions\/10563"}],"wp:attachment":[{"href":"https:\/\/cde.unife.it\/en\/wp-json\/wp\/v2\/media?parent=3046"}],"curies":[{"name":"wp","href":"https:\/\/api.w.org\/{rel}","templated":true}]}}