{"id":2780,"date":"2026-01-25T14:55:29","date_gmt":"2026-01-25T13:55:29","guid":{"rendered":"https:\/\/cde.unife.it\/?page_id=2780"},"modified":"2026-02-08T23:49:52","modified_gmt":"2026-02-08T22:49:52","slug":"contatti","status":"publish","type":"page","link":"https:\/\/cde.unife.it\/en\/contatti\/","title":{"rendered":"Contacts"},"content":{"rendered":"<div data-elementor-type=\"wp-page\" data-elementor-id=\"2780\" class=\"elementor elementor-2780\" data-elementor-post-type=\"page\">\n\t\t\t\t<div class=\"elementor-element elementor-element-2d91479 e-con-full e-flex e-con e-parent\" data-id=\"2d91479\" data-element_type=\"container\">\n\t\t\t\t<div class=\"elementor-element elementor-element-c7d1b98 elementor-widget elementor-widget-image\" data-id=\"c7d1b98\" data-element_type=\"widget\" data-widget_type=\"image.default\">\n\t\t\t\t\t\t\t\t\t\t\t\t\t\t\t<img fetchpriority=\"high\" decoding=\"async\" width=\"1599\" height=\"414\" src=\"https:\/\/cde.unife.it\/wp-content\/uploads\/2026\/01\/contacts_new.jpg\" class=\"attachment-full size-full wp-image-2987\" alt=\"\" srcset=\"https:\/\/cde.unife.it\/wp-content\/uploads\/2026\/01\/contacts_new.jpg 1599w, https:\/\/cde.unife.it\/wp-content\/uploads\/2026\/01\/contacts_new-300x78.jpg 300w, https:\/\/cde.unife.it\/wp-content\/uploads\/2026\/01\/contacts_new-1024x265.jpg 1024w, https:\/\/cde.unife.it\/wp-content\/uploads\/2026\/01\/contacts_new-768x199.jpg 768w, https:\/\/cde.unife.it\/wp-content\/uploads\/2026\/01\/contacts_new-1536x398.jpg 1536w\" sizes=\"(max-width: 1599px) 100vw, 1599px\" \/>\t\t\t\t\t\t\t\t\t\t\t\t\t\t\t<\/div>\n\t\t\t\t<\/div>\n\t\t<div class=\"elementor-element elementor-element-0b93ee4 e-con-full e-flex e-con e-parent\" data-id=\"0b93ee4\" data-element_type=\"container\" data-settings=\"{&quot;background_background&quot;:&quot;classic&quot;}\">\n\t\t\t\t<div class=\"elementor-element elementor-element-a48db51 elementor-widget elementor-widget-heading\" data-id=\"a48db51\" data-element_type=\"widget\" data-widget_type=\"heading.default\">\n\t\t\t\t\t<h1 class=\"elementor-heading-title elementor-size-default\">Contacts<\/h1>\t\t\t\t<\/div>\n\t\t\t\t<\/div>\n\t\t<div class=\"elementor-element elementor-element-553d179 e-con-full e-flex e-con e-parent\" data-id=\"553d179\" data-element_type=\"container\" data-settings=\"{&quot;background_background&quot;:&quot;classic&quot;}\">\n\t\t\t\t<div class=\"elementor-element elementor-element-2829500 elementor-widget elementor-widget-text-editor\" data-id=\"2829500\" data-element_type=\"widget\" data-widget_type=\"text-editor.default\">\n\t\t\t\t\t\t\t\t\t<p>Il Centro di documentazione e Studi sull&#8217;Unione europea si trova presso il dipartimento di Giurisprudenza dell&#8217;Universit\u00e0 di Ferrara in Corso d&#8217;Ercole I d&#8217;Este 37. Esplora la cartina e scopri come raggiungerci.<\/p>\t\t\t\t\t\t\t\t<\/div>\n\t\t\t\t<div class=\"elementor-element elementor-element-ec6c57c elementor-widget elementor-widget-google_maps\" data-id=\"ec6c57c\" data-element_type=\"widget\" data-widget_type=\"google_maps.default\">\n\t\t\t\t\t\t\t<div class=\"elementor-custom-embed\">\n\t\t\t<iframe loading=\"lazy\"\n\t\t\t\t\tsrc=\"https:\/\/maps.google.com\/maps?q=Corso%20Ercole%20I%C2%B0%20d%E2%80%99Este%2037%2C%20Ferrara.&#038;t=m&#038;z=10&#038;output=embed&#038;iwloc=near\"\n\t\t\t\t\ttitle=\"Corso Ercole I\u00b0 d\u2019Este 37, Ferrara.\"\n\t\t\t\t\taria-label=\"Corso Ercole I\u00b0 d\u2019Este 37, Ferrara.\"\n\t\t\t><\/iframe>\n\t\t<\/div>\n\t\t\t\t\t\t<\/div>\n\t\t\t\t<\/div>\n\t\t<div class=\"elementor-element elementor-element-bdd4c85 e-con-full e-flex e-con e-parent\" data-id=\"bdd4c85\" data-element_type=\"container\" id=\"cataloghi\">\n\t\t\t\t<div class=\"elementor-element elementor-element-9591134 elementor-widget elementor-widget-heading\" data-id=\"9591134\" data-element_type=\"widget\" data-widget_type=\"heading.default\">\n\t\t\t\t\t<h2 class=\"elementor-heading-title elementor-size-default\">How to reach us<\/h2>\t\t\t\t<\/div>\n\t\t\t\t<div class=\"elementor-element elementor-element-35fe6aa elementor-widget elementor-widget-text-editor\" data-id=\"35fe6aa\" data-element_type=\"widget\" data-widget_type=\"text-editor.default\">\n\t\t\t\t\t\t\t\t\t<h4 data-start=\"351\" data-end=\"365\"><strong>By train<\/strong><\/h4><ul data-start=\"366\" data-end=\"567\"><li data-start=\"366\" data-end=\"413\"><p data-start=\"368\" data-end=\"413\" class=\"translation-block\">The <strong data-start=\"371\" data-end=\"394\">Ferrara station<\/strong> is the closest.<\/p><\/li><li data-start=\"414\" data-end=\"567\"><p data-start=\"416\" data-end=\"567\" class=\"translation-block\">From there you can <strong data-start=\"427\" data-end=\"440\">walk<\/strong> to Corso Ercole I d\u2019Este in about <strong data-start=\"479\" data-end=\"494\">5-10 minutes<\/strong> if you are towards the more central zone.<\/p><\/li><\/ul><p data-start=\"569\" data-end=\"656\" class=\"translation-block\">For regional or intercity train timetables you can check <strong data-start=\"629\" data-end=\"643\">Trenitalia<\/strong> or <strong data-start=\"646\" data-end=\"655\">Italo<\/strong>.<\/p><p>\u00a0<\/p><h4 data-start=\"663\" data-end=\"689\"><strong>By public transport<\/strong><\/h4><p data-start=\"690\" data-end=\"805\" class=\"translation-block\">From the station or the city center you can take several <strong data-start=\"740\" data-end=\"761\">TPER bus lines<\/strong> that stop near Corso Ercole I d\u2019Este:<\/p><p data-start=\"807\" data-end=\"864\" class=\"translation-block\">Lines with stops <strong data-start=\"827\" data-end=\"861\">very close (2-5 min walk)<\/strong>:<\/p><ul data-start=\"865\" data-end=\"1077\"><li data-start=\"865\" data-end=\"900\"><p data-start=\"867\" data-end=\"900\" class=\"translation-block\"><strong data-start=\"867\" data-end=\"888\">4, 6, 11, BUS&amp;FLY<\/strong> (and others)<\/p><\/li><li data-start=\"901\" data-end=\"1077\"><p data-start=\"903\" data-end=\"1077\" class=\"translation-block\">Useful stops: <strong data-start=\"918\" data-end=\"932\">Via Cavour<\/strong>, <strong data-start=\"934\" data-end=\"953\">Cavour Giardini<\/strong>, <strong data-start=\"955\" data-end=\"976\">Giardini Castello<\/strong>, <strong data-start=\"978\" data-end=\"998\">Palazzo Diamanti<\/strong> \u2014 all just a few minutes' walk from the street.<\/p><\/li><\/ul><p data-start=\"1079\" data-end=\"1216\" class=\"translation-block\">Buy your ticket <strong data-start=\"1104\" data-end=\"1123\">before boarding<\/strong> (newsstands\/tobacconists or dedicated apps, such as Roger).<\/p><p>\u00a0<\/p><h4 data-start=\"1223\" data-end=\"1262\"><strong>On foot (if you are already in the center)<\/strong><\/h4><p data-start=\"1263\" data-end=\"1558\" class=\"translation-block\">If you're already in the heart of Ferrara (Piazza Trento e Trieste, Estense Castle, etc.), you can easily reach Corso Ercole I d'Este on foot in 5\u201310 minutes, following the pedestrian streets of the historic center. Ferrara is very accessible on foot or by bike.<\/p><p>\u00a0<\/p><h4 data-start=\"1565\" data-end=\"1585\"><strong>By car \/ taxi<\/strong><\/h4><ul data-start=\"1586\" data-end=\"1962\"><li data-start=\"1586\" data-end=\"1759\"><p data-start=\"1588\" data-end=\"1759\" class=\"translation-block\">If you arrive by <strong data-start=\"1602\" data-end=\"1618\">private car<\/strong>, you can enter the address <strong data-start=\"1646\" data-end=\"1700\">Corso Ercole I d\u2019Este, 1, 44121 Ferrara FE, Italy<\/strong> into your navigator.<\/p><\/li><li data-start=\"1760\" data-end=\"1962\"><p data-start=\"1762\" data-end=\"1962\" class=\"translation-block\">Please note: the historic center may have <strong data-start=\"1802\" data-end=\"1809\">ZTL<\/strong> or traffic restrictions: check access or park in a permitted area and continue on foot or by bus.<\/p><\/li><\/ul>\t\t\t\t\t\t\t\t<\/div>\n\t\t\t\t<\/div>\n\t\t<div class=\"elementor-element elementor-element-ec40383 e-con-full e-flex e-con e-parent\" data-id=\"ec40383\" data-element_type=\"container\" data-settings=\"{&quot;background_background&quot;:&quot;classic&quot;}\">\n\t\t<div class=\"elementor-element elementor-element-e8df2bd e-con-full e-flex e-con e-child\" data-id=\"e8df2bd\" data-element_type=\"container\">\n\t\t\t\t<div class=\"elementor-element elementor-element-bfb49f9 elementor-widget elementor-widget-heading\" data-id=\"bfb49f9\" data-element_type=\"widget\" data-widget_type=\"heading.default\">\n\t\t\t\t\t<h2 class=\"elementor-heading-title elementor-size-default\">Fill out the form<\/h2>\t\t\t\t<\/div>\n\t\t\t\t<div class=\"elementor-element elementor-element-6f03812 elementor-widget elementor-widget-text-editor\" data-id=\"6f03812\" data-element_type=\"widget\" data-widget_type=\"text-editor.default\">\n\t\t\t\t\t\t\t\t\t<p class=\"translation-block\">For <strong> information on the activities and location of the Centre for Documentation and Studies on the European Union <\/strong>, fill out the form and send us a message. We will be happy to respond and provide further information.<\/p>\t\t\t\t\t\t\t\t<\/div>\n\t\t\t\t<div class=\"elementor-element elementor-element-cad304c elementor-icon-list--layout-traditional elementor-list-item-link-full_width elementor-widget elementor-widget-icon-list\" data-id=\"cad304c\" data-element_type=\"widget\" data-widget_type=\"icon-list.default\">\n\t\t\t\t\t\t\t<ul class=\"elementor-icon-list-items\">\n\t\t\t\t\t\t\t<li class=\"elementor-icon-list-item\">\n\t\t\t\t\t\t\t\t\t\t\t<span class=\"elementor-icon-list-icon\">\n\t\t\t\t\t\t\t<svg aria-hidden=\"true\" class=\"e-font-icon-svg e-fas-map-marker\" viewbox=\"0 0 384 512\" xmlns=\"http:\/\/www.w3.org\/2000\/svg\"><path d=\"M172.268 501.67C26.97 291.031 0 269.413 0 192 0 85.961 85.961 0 192 0s192 85.961 192 192c0 77.413-26.97 99.031-172.268 309.67-9.535 13.774-29.93 13.773-39.464 0z\"><\/path><\/svg>\t\t\t\t\t\t<\/span>\n\t\t\t\t\t\t\t\t\t\t<span class=\"elementor-icon-list-text\">corso Ercole I\u00b0 d'Este, 37<\/span>\n\t\t\t\t\t\t\t\t\t<\/li>\n\t\t\t\t\t\t\t\t<li class=\"elementor-icon-list-item\">\n\t\t\t\t\t\t\t\t\t\t\t<span class=\"elementor-icon-list-icon\">\n\t\t\t\t\t\t\t<svg aria-hidden=\"true\" class=\"e-font-icon-svg e-fas-building\" viewbox=\"0 0 448 512\" xmlns=\"http:\/\/www.w3.org\/2000\/svg\"><path d=\"M436 480h-20V24c0-13.255-10.745-24-24-24H56C42.745 0 32 10.745 32 24v456H12c-6.627 0-12 5.373-12 12v20h448v-20c0-6.627-5.373-12-12-12zM128 76c0-6.627 5.373-12 12-12h40c6.627 0 12 5.373 12 12v40c0 6.627-5.373 12-12 12h-40c-6.627 0-12-5.373-12-12V76zm0 96c0-6.627 5.373-12 12-12h40c6.627 0 12 5.373 12 12v40c0 6.627-5.373 12-12 12h-40c-6.627 0-12-5.373-12-12v-40zm52 148h-40c-6.627 0-12-5.373-12-12v-40c0-6.627 5.373-12 12-12h40c6.627 0 12 5.373 12 12v40c0 6.627-5.373 12-12 12zm76 160h-64v-84c0-6.627 5.373-12 12-12h40c6.627 0 12 5.373 12 12v84zm64-172c0 6.627-5.373 12-12 12h-40c-6.627 0-12-5.373-12-12v-40c0-6.627 5.373-12 12-12h40c6.627 0 12 5.373 12 12v40zm0-96c0 6.627-5.373 12-12 12h-40c-6.627 0-12-5.373-12-12v-40c0-6.627 5.373-12 12-12h40c6.627 0 12 5.373 12 12v40zm0-96c0 6.627-5.373 12-12 12h-40c-6.627 0-12-5.373-12-12V76c0-6.627 5.373-12 12-12h40c6.627 0 12 5.373 12 12v40z\"><\/path><\/svg>\t\t\t\t\t\t<\/span>\n\t\t\t\t\t\t\t\t\t\t<span class=\"elementor-icon-list-text\">Dipartimento di Giurisprudenza<\/span>\n\t\t\t\t\t\t\t\t\t<\/li>\n\t\t\t\t\t\t\t\t<li class=\"elementor-icon-list-item\">\n\t\t\t\t\t\t\t\t\t\t\t<span class=\"elementor-icon-list-icon\">\n\t\t\t\t\t\t\t<svg aria-hidden=\"true\" class=\"e-font-icon-svg e-fas-envelope\" viewbox=\"0 0 512 512\" xmlns=\"http:\/\/www.w3.org\/2000\/svg\"><path d=\"M502.3 190.8c3.9-3.1 9.7-.2 9.7 4.7V400c0 26.5-21.5 48-48 48H48c-26.5 0-48-21.5-48-48V195.6c0-5 5.7-7.8 9.7-4.7 22.4 17.4 52.1 39.5 154.1 113.6 21.1 15.4 56.7 47.8 92.2 47.6 35.7.3 72-32.8 92.3-47.6 102-74.1 131.6-96.3 154-113.7zM256 320c23.2.4 56.6-29.2 73.4-41.4 132.7-96.3 142.8-104.7 173.4-128.7 5.8-4.5 9.2-11.5 9.2-18.9v-19c0-26.5-21.5-48-48-48H48C21.5 64 0 85.5 0 112v19c0 7.4 3.4 14.3 9.2 18.9 30.6 23.9 40.7 32.4 173.4 128.7 16.8 12.2 50.2 41.8 73.4 41.4z\"><\/path><\/svg>\t\t\t\t\t\t<\/span>\n\t\t\t\t\t\t\t\t\t\t<span class=\"elementor-icon-list-text\">email: cde@unife.it<\/span>\n\t\t\t\t\t\t\t\t\t<\/li>\n\t\t\t\t\t\t\t\t<li class=\"elementor-icon-list-item\">\n\t\t\t\t\t\t\t\t\t\t\t<span class=\"elementor-icon-list-icon\">\n\t\t\t\t\t\t\t<svg aria-hidden=\"true\" class=\"e-font-icon-svg e-fas-phone-alt\" viewbox=\"0 0 512 512\" xmlns=\"http:\/\/www.w3.org\/2000\/svg\"><path d=\"M497.39 361.8l-112-48a24 24 0 0 0-28 6.9l-49.6 60.6A370.66 370.66 0 0 1 130.6 204.11l60.6-49.6a23.94 23.94 0 0 0 6.9-28l-48-112A24.16 24.16 0 0 0 122.6.61l-104 24A24 24 0 0 0 0 48c0 256.5 207.9 464 464 464a24 24 0 0 0 23.4-18.6l24-104a24.29 24.29 0 0 0-14.01-27.6z\"><\/path><\/svg>\t\t\t\t\t\t<\/span>\n\t\t\t\t\t\t\t\t\t\t<span class=\"elementor-icon-list-text\">0532 455960<\/span>\n\t\t\t\t\t\t\t\t\t<\/li>\n\t\t\t\t\t\t<\/ul>\n\t\t\t\t\t\t<\/div>\n\t\t\t\t<\/div>\n\t\t<div class=\"elementor-element elementor-element-af1e5e5 e-con-full e-flex e-con e-child\" data-id=\"af1e5e5\" data-element_type=\"container\">\n\t\t\t\t<div class=\"elementor-element elementor-element-436bebd elementor-button-align-stretch elementor-widget elementor-widget-form\" data-id=\"436bebd\" data-element_type=\"widget\" data-settings=\"{&quot;step_next_label&quot;:&quot;Successivo&quot;,&quot;step_previous_label&quot;:&quot;Precedente&quot;,&quot;button_width&quot;:&quot;100&quot;,&quot;step_type&quot;:&quot;number_text&quot;,&quot;step_icon_shape&quot;:&quot;circle&quot;}\" data-widget_type=\"form.default\">\n\t\t\t\t\t\t\t<form class=\"elementor-form\" method=\"post\" name=\"Nuovo modulo\" aria-label=\"Nuovo modulo\" action=\"\">\n\t\t\t<input type=\"hidden\" name=\"post_id\" value=\"2780\"\/>\n\t\t\t<input type=\"hidden\" name=\"form_id\" value=\"436bebd\"\/>\n\t\t\t<input type=\"hidden\" name=\"referer_title\" value=\"Contatti\" \/>\n\n\t\t\t\t\t\t\t<input type=\"hidden\" name=\"queried_id\" value=\"2780\"\/>\n\t\t\t\n\t\t\t<div class=\"elementor-form-fields-wrapper elementor-labels-above\">\n\t\t\t\t\t\t\t\t<div class=\"elementor-field-type-text elementor-field-group elementor-column elementor-field-group-name elementor-col-100\">\n\t\t\t\t\t\t\t\t\t\t\t\t<label for=\"form-field-name\" class=\"elementor-field-label\">\n\t\t\t\t\t\t\t\tName\t\t\t\t\t\t\t<\/label>\n\t\t\t\t\t\t\t\t\t\t\t\t\t\t<input size=\"1\" type=\"text\" name=\"form_fields[name]\" id=\"form-field-name\" class=\"elementor-field elementor-size-sm  elementor-field-textual\" placeholder=\"Name\">\n\t\t\t\t\t\t\t\t\t\t\t<\/div>\n\t\t\t\t\t\t\t\t<div class=\"elementor-field-type-email elementor-field-group elementor-column elementor-field-group-email elementor-col-100 elementor-field-required\">\n\t\t\t\t\t\t\t\t\t\t\t\t<label for=\"form-field-email\" class=\"elementor-field-label\">\n\t\t\t\t\t\t\t\tEmail\t\t\t\t\t\t\t<\/label>\n\t\t\t\t\t\t\t\t\t\t\t\t\t\t<input size=\"1\" type=\"email\" name=\"form_fields[email]\" id=\"form-field-email\" class=\"elementor-field elementor-size-sm  elementor-field-textual\" placeholder=\"Email\" required=\"required\">\n\t\t\t\t\t\t\t\t\t\t\t<\/div>\n\t\t\t\t\t\t\t\t<div class=\"elementor-field-type-textarea elementor-field-group elementor-column elementor-field-group-message elementor-col-100\">\n\t\t\t\t\t\t\t\t\t\t\t\t<label for=\"form-field-message\" class=\"elementor-field-label\">\n\t\t\t\t\t\t\t\tMessage\t\t\t\t\t\t\t<\/label>\n\t\t\t\t\t\t<textarea class=\"elementor-field-textual elementor-field  elementor-size-sm\" name=\"form_fields[message]\" id=\"form-field-message\" rows=\"4\" placeholder=\"Message\"><\/textarea>\t\t\t\t<\/div>\n\t\t\t\t\t\t\t\t<div class=\"elementor-field-group elementor-column elementor-field-type-submit elementor-col-100 e-form__buttons\">\n\t\t\t\t\t<button class=\"elementor-button elementor-size-sm\" type=\"submit\">\n\t\t\t\t\t\t<span class=\"elementor-button-content-wrapper\">\n\t\t\t\t\t\t\t\t\t\t\t\t\t\t\t\t\t\t\t\t\t\t<span class=\"elementor-button-text\">Send<\/span>\n\t\t\t\t\t\t\t\t\t\t\t\t\t<\/span>\n\t\t\t\t\t<\/button>\n\t\t\t\t<\/div>\n\t\t\t<\/div>\n\t\t<input type=\"hidden\" name=\"trp-form-language\" value=\"en\"\/><\/form>\n\t\t\t\t\t\t<\/div>\n\t\t\t\t<\/div>\n\t\t\t\t<\/div>\n\t\t\t\t<\/div>","protected":false},"excerpt":{"rendered":"<p>Contatti Il Centro di documentazione e Studi sull&#8217;Unione europea si trova presso il dipartimento di Giurisprudenza dell&#8217;Universit\u00e0 di Ferrara in Corso d&#8217;Ercole I d&#8217;Este 37. Esplora la cartina e scopri come raggiungerci. Come raggiungerci In treno La stazione di Ferrara \u00e8 la pi\u00f9 vicina. Da l\u00ec puoi camminare fino a Corso Ercole I d\u2019Este in [&hellip;]<\/p>","protected":false},"author":1,"featured_media":0,"parent":0,"menu_order":0,"comment_status":"closed","ping_status":"closed","template":"","meta":{"_acf_changed":false,"footnotes":""},"class_list":["post-2780","page","type-page","status-publish","hentry"],"acf":[],"_links":{"self":[{"href":"https:\/\/cde.unife.it\/en\/wp-json\/wp\/v2\/pages\/2780","targetHints":{"allow":["GET"]}}],"collection":[{"href":"https:\/\/cde.unife.it\/en\/wp-json\/wp\/v2\/pages"}],"about":[{"href":"https:\/\/cde.unife.it\/en\/wp-json\/wp\/v2\/types\/page"}],"author":[{"embeddable":true,"href":"https:\/\/cde.unife.it\/en\/wp-json\/wp\/v2\/users\/1"}],"replies":[{"embeddable":true,"href":"https:\/\/cde.unife.it\/en\/wp-json\/wp\/v2\/comments?post=2780"}],"version-history":[{"count":100,"href":"https:\/\/cde.unife.it\/en\/wp-json\/wp\/v2\/pages\/2780\/revisions"}],"predecessor-version":[{"id":10390,"href":"https:\/\/cde.unife.it\/en\/wp-json\/wp\/v2\/pages\/2780\/revisions\/10390"}],"wp:attachment":[{"href":"https:\/\/cde.unife.it\/en\/wp-json\/wp\/v2\/media?parent=2780"}],"curies":[{"name":"wp","href":"https:\/\/api.w.org\/{rel}","templated":true}]}}